{"id":135,"date":"2020-05-27T11:57:16","date_gmt":"2020-05-27T09:57:16","guid":{"rendered":"http:\/\/dessign.fr\/kovalseb\/?page_id=135"},"modified":"2023-02-07T14:47:12","modified_gmt":"2023-02-07T13:47:12","slug":"digital-painting","status":"publish","type":"page","link":"https:\/\/www.dessign.fr\/kovalseb\/digital-painting\/","title":{"rendered":"Digital painting ou animation de dessin"},"content":{"rendered":"\n<blockquote class=\"wp-block-quote is-layout-flow wp-block-quote-is-layout-flow\">\n<p>L&rsquo;outil de l&rsquo;aisance de la r\u00e9alisation&#8230; CtrlZ sur nos erreurs pass\u00e9es<\/p>\n<\/blockquote>\n\n\n\n<div class=\"wp-block-columns is-layout-flex wp-container-core-columns-is-layout-1 wp-block-columns-is-layout-flex\">\n<div class=\"wp-block-column is-layout-flow wp-block-column-is-layout-flow\">\n<figure class=\"wp-block-video\"><video autoplay controls loop src=\"https:\/\/www.dessign.fr\/kovalseb\/wp-content\/uploads\/2020\/05\/TANOS_anim.mp4\"><\/video><figcaption class=\"wp-element-caption\">THANOS animation d&rsquo;un dessin<\/figcaption><\/figure>\n<\/div>\n\n\n\n<div class=\"wp-block-column is-layout-flow wp-block-column-is-layout-flow\">\n<figure class=\"wp-block-video\"><video controls loop src=\"https:\/\/www.dessign.fr\/kovalseb\/wp-content\/uploads\/2020\/05\/OEIL-de-DRAGON.mp4\"><\/video><figcaption class=\"wp-element-caption\">OEIL de DRAGON pastels dessin<\/figcaption><\/figure>\n<\/div>\n<\/div>\n\n\n\n<p class=\"has-text-align-center\">Dessin sur tablette ou animation de dessin papier, \u00e9tant graphiste de m\u00e9tier et dessinant tr\u00e8s souvent le soir je n&rsquo;ai pas express\u00e9ment le reflex du dessin sur tablette, le papier \u00e9tant toujours un bonheur et une grande dilettante pour moi, le savoir faire et l\u00e0, la pratique moins pour le moment&#8230; affaire \u00e0 suivre ! <\/p>\n\n\n\n<figure class=\"wp-block-gallery has-nested-images columns-default is-cropped wp-block-gallery-1 is-layout-flex wp-block-gallery-is-layout-flex\">\n<figure class=\"wp-block-image size-large\"><a href=\"https:\/\/www.dessign.fr\/kovalseb\/wp-content\/uploads\/2022\/11\/Prince-digital-art-dessign-ARTBOOK-KOVAL-S\u00e9bastien-e1674815884900.jpg\"><img loading=\"lazy\" decoding=\"async\" width=\"724\" height=\"1024\" data-id=\"1323\" src=\"https:\/\/www.dessign.fr\/kovalseb\/wp-content\/uploads\/2022\/11\/Prince-digital-art-dessign-ARTBOOK-KOVAL-S\u00e9bastien-724x1024.jpg\" alt=\"Prince chanteur legendaire dessin vectoriel digital dessign.fr ARTBOOK KOVAL S\u00e9bastien\" class=\"wp-image-1323\"\/><\/a><figcaption class=\"wp-element-caption\">Prince portrait<\/figcaption><\/figure>\n\n\n\n<figure class=\"wp-block-image size-large\"><a href=\"https:\/\/www.dessign.fr\/kovalseb\/wp-content\/uploads\/2022\/11\/toyota-2000GT-1966-digital-art-dessign-ARTBOOK-KOVAL-S\u00e9bastien.jpg\"><img loading=\"lazy\" decoding=\"async\" width=\"1024\" height=\"896\" data-id=\"1312\" src=\"https:\/\/www.dessign.fr\/kovalseb\/wp-content\/uploads\/2022\/11\/toyota-2000GT-1966-digital-art-dessign-ARTBOOK-KOVAL-S\u00e9bastien-1024x896.jpg\" alt=\"toyota 2000GT 1966 digital dessign.fr dessin ARTBOOK KOVAL S\u00e9bastien\" class=\"wp-image-1312\" srcset=\"https:\/\/www.dessign.fr\/kovalseb\/wp-content\/uploads\/2022\/11\/toyota-2000GT-1966-digital-art-dessign-ARTBOOK-KOVAL-S\u00e9bastien-1024x896.jpg 1024w, https:\/\/www.dessign.fr\/kovalseb\/wp-content\/uploads\/2022\/11\/toyota-2000GT-1966-digital-art-dessign-ARTBOOK-KOVAL-S\u00e9bastien-300x262.jpg 300w, https:\/\/www.dessign.fr\/kovalseb\/wp-content\/uploads\/2022\/11\/toyota-2000GT-1966-digital-art-dessign-ARTBOOK-KOVAL-S\u00e9bastien-768x672.jpg 768w, https:\/\/www.dessign.fr\/kovalseb\/wp-content\/uploads\/2022\/11\/toyota-2000GT-1966-digital-art-dessign-ARTBOOK-KOVAL-S\u00e9bastien.jpg 1500w\" sizes=\"(max-width: 1024px) 100vw, 1024px\" \/><\/a><figcaption class=\"wp-element-caption\">toyota 2000GT 1966 digital<\/figcaption><\/figure>\n\n\n\n<figure class=\"wp-block-image size-large\"><a href=\"https:\/\/www.dessign.fr\/kovalseb\/wp-content\/uploads\/2020\/05\/ONO.jpg\"><img loading=\"lazy\" decoding=\"async\" width=\"1024\" height=\"696\" data-id=\"140\" src=\"https:\/\/www.dessign.fr\/kovalseb\/wp-content\/uploads\/2020\/05\/ONO-1024x696.jpg\" alt=\"dessign dessin ARTBOOK KOVAL S\u00e9bastien artiste\" class=\"wp-image-140\" srcset=\"https:\/\/www.dessign.fr\/kovalseb\/wp-content\/uploads\/2020\/05\/ONO-1024x696.jpg 1024w, https:\/\/www.dessign.fr\/kovalseb\/wp-content\/uploads\/2020\/05\/ONO-300x204.jpg 300w, https:\/\/www.dessign.fr\/kovalseb\/wp-content\/uploads\/2020\/05\/ONO-768x522.jpg 768w, https:\/\/www.dessign.fr\/kovalseb\/wp-content\/uploads\/2020\/05\/ONO-1536x1043.jpg 1536w, https:\/\/www.dessign.fr\/kovalseb\/wp-content\/uploads\/2020\/05\/ONO.jpg 1590w\" sizes=\"(max-width: 1024px) 100vw, 1024px\" \/><\/a><figcaption class=\"wp-element-caption\">Shohei ONO JUDO Champion<\/figcaption><\/figure>\n\n\n\n<figure class=\"wp-block-image size-large\"><a href=\"https:\/\/www.dessign.fr\/kovalseb\/wp-content\/uploads\/2020\/05\/20190626_174108-scaled.jpg\"><img loading=\"lazy\" decoding=\"async\" width=\"1024\" height=\"768\" data-id=\"142\" src=\"https:\/\/www.dessign.fr\/kovalseb\/wp-content\/uploads\/2020\/05\/20190626_174108-1024x768.jpg\" alt=\"dessign dessin ARTBOOK KOVAL S\u00e9bastien artiste\" class=\"wp-image-142\" srcset=\"https:\/\/www.dessign.fr\/kovalseb\/wp-content\/uploads\/2020\/05\/20190626_174108-1024x768.jpg 1024w, https:\/\/www.dessign.fr\/kovalseb\/wp-content\/uploads\/2020\/05\/20190626_174108-300x225.jpg 300w, https:\/\/www.dessign.fr\/kovalseb\/wp-content\/uploads\/2020\/05\/20190626_174108-768x576.jpg 768w, https:\/\/www.dessign.fr\/kovalseb\/wp-content\/uploads\/2020\/05\/20190626_174108-1536x1152.jpg 1536w, https:\/\/www.dessign.fr\/kovalseb\/wp-content\/uploads\/2020\/05\/20190626_174108-2048x1536.jpg 2048w\" sizes=\"(max-width: 1024px) 100vw, 1024px\" \/><\/a><figcaption class=\"wp-element-caption\">Lion assis sur enceinte<\/figcaption><\/figure>\n<\/figure>\n\n\n\n<div class=\"wp-block-columns is-layout-flex wp-container-core-columns-is-layout-2 wp-block-columns-is-layout-flex\">\n<div class=\"wp-block-column is-layout-flow wp-block-column-is-layout-flow\">\n<figure class=\"wp-block-video\"><video controls loop src=\"https:\/\/www.dessign.fr\/kovalseb\/wp-content\/uploads\/2020\/05\/NUEsousEAU.mp4\"><\/video><figcaption class=\"wp-element-caption\">Femme sous l&rsquo;eau<\/figcaption><\/figure>\n<\/div>\n\n\n\n<div class=\"wp-block-column is-layout-flow wp-block-column-is-layout-flow\">\n<figure class=\"wp-block-video\"><video controls loop src=\"https:\/\/www.dessign.fr\/kovalseb\/wp-content\/uploads\/2020\/05\/RODEO.mp4\"><\/video><figcaption class=\"wp-element-caption\">Rod\u00e9o \u00e0 dos de Xylocope<\/figcaption><\/figure>\n<\/div>\n\n\n\n<div class=\"wp-block-column is-layout-flow wp-block-column-is-layout-flow\">\n<figure class=\"wp-block-video\"><video controls loop src=\"https:\/\/www.dessign.fr\/kovalseb\/wp-content\/uploads\/2020\/05\/ABEILLESpieuvresCOURSE.mp4\"><\/video><figcaption class=\"wp-element-caption\">course ABEILLES pieuvre course<\/figcaption><\/figure>\n<\/div>\n<\/div>\n\n\n\n<div class=\"wp-block-columns is-layout-flex wp-container-core-columns-is-layout-3 wp-block-columns-is-layout-flex\">\n<div class=\"wp-block-column is-layout-flow wp-block-column-is-layout-flow\">\n<figure class=\"wp-block-video\"><video controls loop src=\"https:\/\/www.dessign.fr\/kovalseb\/wp-content\/uploads\/2020\/05\/Phenakistiscope.mp4\"><\/video><figcaption class=\"wp-element-caption\">Phenakistiscope animation<\/figcaption><\/figure>\n<\/div>\n\n\n\n<div class=\"wp-block-column is-layout-flow wp-block-column-is-layout-flow\">\n<figure class=\"wp-block-video\"><video controls loop src=\"https:\/\/www.dessign.fr\/kovalseb\/wp-content\/uploads\/2020\/05\/BONZE_anim.mp4\"><\/video><figcaption class=\"wp-element-caption\">Bonze animation dessin<\/figcaption><\/figure>\n<\/div>\n<\/div>\n\n\n\n<div class=\"wp-block-columns is-layout-flex wp-container-core-columns-is-layout-4 wp-block-columns-is-layout-flex\">\n<div class=\"wp-block-column is-layout-flow wp-block-column-is-layout-flow\">\n<figure class=\"wp-block-video\"><video controls loop src=\"https:\/\/www.dessign.fr\/kovalseb\/wp-content\/uploads\/2020\/05\/Gaesha_luneRousse.mp4\"><\/video><figcaption class=\"wp-element-caption\">Gaesha lune rouge<\/figcaption><\/figure>\n<\/div>\n\n\n\n<div class=\"wp-block-column is-layout-flow wp-block-column-is-layout-flow\">\n<figure class=\"wp-block-video\"><video controls loop src=\"https:\/\/www.dessign.fr\/kovalseb\/wp-content\/uploads\/2020\/05\/OeilCyclone_camera.mp4\"><\/video><figcaption class=\"wp-element-caption\">oeil du cyclone<\/figcaption><\/figure>\n<\/div>\n\n\n\n<div class=\"wp-block-column is-layout-flow wp-block-column-is-layout-flow\">\n<figure class=\"wp-block-video\"><video controls loop src=\"https:\/\/www.dessign.fr\/kovalseb\/wp-content\/uploads\/2020\/05\/VID_156030901_063813_414.mp4\"><\/video><figcaption class=\"wp-element-caption\">Paon digital art<\/figcaption><\/figure>\n<\/div>\n<\/div>\n\n\n\n<figure class=\"wp-block-video\"><video autoplay controls loop src=\"https:\/\/www.dessign.fr\/kovalseb\/wp-content\/uploads\/2020\/05\/PAGE-FB_video.mp4\"><\/video><\/figure>\n","protected":false},"excerpt":{"rendered":"<p>L&rsquo;outil de l&rsquo;aisance de la r\u00e9alisation&#8230; CtrlZ sur nos erreurs pass\u00e9es Dessin sur tablette ou animation de dessin papier, \u00e9tant graphiste de m\u00e9tier et dessinant tr\u00e8s souvent le soir je n&rsquo;ai pas express\u00e9ment le reflex du dessin sur tablette, le papier \u00e9tant toujours un bonheur et une grande dilettante pour moi, le savoir faire et<\/p>\n<div><a class=\"btn-filled btn\" href=\"https:\/\/www.dessign.fr\/kovalseb\/digital-painting\/\" title=\"Digital painting ou animation de dessin\">Lire la suite<\/a><\/div>\n","protected":false},"author":2,"featured_media":0,"parent":0,"menu_order":0,"comment_status":"closed","ping_status":"closed","template":"","meta":{"_exactmetrics_skip_tracking":false,"_exactmetrics_sitenote_active":false,"_exactmetrics_sitenote_note":"","_exactmetrics_sitenote_category":0,"footnotes":""},"aioseo_notices":[],"_links":{"self":[{"href":"https:\/\/www.dessign.fr\/kovalseb\/wp-json\/wp\/v2\/pages\/135"}],"collection":[{"href":"https:\/\/www.dessign.fr\/kovalseb\/wp-json\/wp\/v2\/pages"}],"about":[{"href":"https:\/\/www.dessign.fr\/kovalseb\/wp-json\/wp\/v2\/types\/page"}],"author":[{"embeddable":true,"href":"https:\/\/www.dessign.fr\/kovalseb\/wp-json\/wp\/v2\/users\/2"}],"replies":[{"embeddable":true,"href":"https:\/\/www.dessign.fr\/kovalseb\/wp-json\/wp\/v2\/comments?post=135"}],"version-history":[{"count":34,"href":"https:\/\/www.dessign.fr\/kovalseb\/wp-json\/wp\/v2\/pages\/135\/revisions"}],"predecessor-version":[{"id":2108,"href":"https:\/\/www.dessign.fr\/kovalseb\/wp-json\/wp\/v2\/pages\/135\/revisions\/2108"}],"wp:attachment":[{"href":"https:\/\/www.dessign.fr\/kovalseb\/wp-json\/wp\/v2\/media?parent=135"}],"curies":[{"name":"wp","href":"https:\/\/api.w.org\/{rel}","templated":true}]}}