{"id":1646,"date":"2023-02-03T16:14:29","date_gmt":"2023-02-03T15:14:29","guid":{"rendered":"https:\/\/www.dessign.fr\/kovalseb\/?page_id=1646"},"modified":"2024-03-15T17:48:51","modified_gmt":"2024-03-15T16:48:51","slug":"nature-morte-objet","status":"publish","type":"page","link":"https:\/\/www.dessign.fr\/kovalseb\/nature-morte-objet\/","title":{"rendered":"Nature morte &#8211; Objet &#8211; observation"},"content":{"rendered":"\n<blockquote class=\"wp-block-quote is-layout-flow wp-block-quote-is-layout-flow\">\n<p>Poser un instant son regard sur un objet habituel pour le red\u00e9couvrir<\/p>\n<\/blockquote>\n\n\n\n<figure class=\"wp-block-gallery has-nested-images columns-default is-cropped wp-block-gallery-1 is-layout-flex wp-block-gallery-is-layout-flex\">\n<figure class=\"wp-block-image size-large\"><a href=\"https:\/\/www.dessign.fr\/kovalseb\/wp-content\/uploads\/2023\/08\/sneeckers-dessign-kovalseb-art-1.jpg\"><img loading=\"lazy\" decoding=\"async\" width=\"709\" height=\"1024\" data-id=\"2509\" src=\"https:\/\/www.dessign.fr\/kovalseb\/wp-content\/uploads\/2023\/08\/sneeckers-dessign-kovalseb-art-1-709x1024.jpg\" alt=\"\" class=\"wp-image-2509\" srcset=\"https:\/\/www.dessign.fr\/kovalseb\/wp-content\/uploads\/2023\/08\/sneeckers-dessign-kovalseb-art-1-709x1024.jpg 709w, https:\/\/www.dessign.fr\/kovalseb\/wp-content\/uploads\/2023\/08\/sneeckers-dessign-kovalseb-art-1-208x300.jpg 208w, https:\/\/www.dessign.fr\/kovalseb\/wp-content\/uploads\/2023\/08\/sneeckers-dessign-kovalseb-art-1-768x1110.jpg 768w, https:\/\/www.dessign.fr\/kovalseb\/wp-content\/uploads\/2023\/08\/sneeckers-dessign-kovalseb-art-1-1063x1536.jpg 1063w, https:\/\/www.dessign.fr\/kovalseb\/wp-content\/uploads\/2023\/08\/sneeckers-dessign-kovalseb-art-1.jpg 1301w\" sizes=\"(max-width: 709px) 100vw, 709px\" \/><\/a><figcaption class=\"wp-element-caption\">sneeckers<\/figcaption><\/figure>\n\n\n\n<figure class=\"wp-block-image size-large\"><a href=\"https:\/\/www.dessign.fr\/kovalseb\/wp-content\/uploads\/2023\/06\/marbre-effet-dessign-kovalseb-art.jpg\"><img loading=\"lazy\" decoding=\"async\" width=\"706\" height=\"1024\" data-id=\"2486\" src=\"https:\/\/www.dessign.fr\/kovalseb\/wp-content\/uploads\/2023\/06\/marbre-effet-dessign-kovalseb-art-706x1024.jpg\" alt=\"\" class=\"wp-image-2486\" srcset=\"https:\/\/www.dessign.fr\/kovalseb\/wp-content\/uploads\/2023\/06\/marbre-effet-dessign-kovalseb-art-706x1024.jpg 706w, https:\/\/www.dessign.fr\/kovalseb\/wp-content\/uploads\/2023\/06\/marbre-effet-dessign-kovalseb-art-207x300.jpg 207w, https:\/\/www.dessign.fr\/kovalseb\/wp-content\/uploads\/2023\/06\/marbre-effet-dessign-kovalseb-art-768x1114.jpg 768w, https:\/\/www.dessign.fr\/kovalseb\/wp-content\/uploads\/2023\/06\/marbre-effet-dessign-kovalseb-art-1059x1536.jpg 1059w, https:\/\/www.dessign.fr\/kovalseb\/wp-content\/uploads\/2023\/06\/marbre-effet-dessign-kovalseb-art.jpg 1412w\" sizes=\"(max-width: 706px) 100vw, 706px\" \/><\/a><figcaption class=\"wp-element-caption\">marble effect<\/figcaption><\/figure>\n\n\n\n<figure class=\"wp-block-image size-large\"><a href=\"https:\/\/www.dessign.fr\/kovalseb\/wp-content\/uploads\/2022\/06\/escalier-encombre-dessign-ARTBOOK-KOVAL-S\u00e9bastien.jpg\"><img loading=\"lazy\" decoding=\"async\" width=\"711\" height=\"1024\" data-id=\"1232\" src=\"https:\/\/www.dessign.fr\/kovalseb\/wp-content\/uploads\/2022\/06\/escalier-encombre-dessign-ARTBOOK-KOVAL-S\u00e9bastien-711x1024.jpg\" alt=\"nature morte escalier vase dessign.fr dessin ARTBOOK KOVAL S\u00e9bastien\" class=\"wp-image-1232\" srcset=\"https:\/\/www.dessign.fr\/kovalseb\/wp-content\/uploads\/2022\/06\/escalier-encombre-dessign-ARTBOOK-KOVAL-S\u00e9bastien-711x1024.jpg 711w, https:\/\/www.dessign.fr\/kovalseb\/wp-content\/uploads\/2022\/06\/escalier-encombre-dessign-ARTBOOK-KOVAL-S\u00e9bastien-208x300.jpg 208w, https:\/\/www.dessign.fr\/kovalseb\/wp-content\/uploads\/2022\/06\/escalier-encombre-dessign-ARTBOOK-KOVAL-S\u00e9bastien-768x1106.jpg 768w, https:\/\/www.dessign.fr\/kovalseb\/wp-content\/uploads\/2022\/06\/escalier-encombre-dessign-ARTBOOK-KOVAL-S\u00e9bastien-1066x1536.jpg 1066w, https:\/\/www.dessign.fr\/kovalseb\/wp-content\/uploads\/2022\/06\/escalier-encombre-dessign-ARTBOOK-KOVAL-S\u00e9bastien.jpg 1323w\" sizes=\"(max-width: 711px) 100vw, 711px\" \/><\/a><figcaption class=\"wp-element-caption\">nature morte \u00e0 l&rsquo;escalier<\/figcaption><\/figure>\n\n\n\n<figure class=\"wp-block-image size-large\"><a href=\"https:\/\/www.dessign.fr\/kovalseb\/wp-content\/uploads\/2022\/05\/mms-paquet-vide-dessign-ARTBOOK-KOVAL-S\u00e9bastien.jpg\"><img loading=\"lazy\" decoding=\"async\" width=\"826\" height=\"1024\" data-id=\"1221\" src=\"https:\/\/www.dessign.fr\/kovalseb\/wp-content\/uploads\/2022\/05\/mms-paquet-vide-dessign-ARTBOOK-KOVAL-S\u00e9bastien-826x1024.jpg\" alt=\"metms paquet vide dessign.fr dessin ARTBOOK KOVAL S\u00e9bastien\" class=\"wp-image-1221\" srcset=\"https:\/\/www.dessign.fr\/kovalseb\/wp-content\/uploads\/2022\/05\/mms-paquet-vide-dessign-ARTBOOK-KOVAL-S\u00e9bastien-826x1024.jpg 826w, https:\/\/www.dessign.fr\/kovalseb\/wp-content\/uploads\/2022\/05\/mms-paquet-vide-dessign-ARTBOOK-KOVAL-S\u00e9bastien-242x300.jpg 242w, https:\/\/www.dessign.fr\/kovalseb\/wp-content\/uploads\/2022\/05\/mms-paquet-vide-dessign-ARTBOOK-KOVAL-S\u00e9bastien-768x952.jpg 768w, https:\/\/www.dessign.fr\/kovalseb\/wp-content\/uploads\/2022\/05\/mms-paquet-vide-dessign-ARTBOOK-KOVAL-S\u00e9bastien.jpg 1134w\" sizes=\"(max-width: 826px) 100vw, 826px\" \/><\/a><figcaption class=\"wp-element-caption\">M&amp;M&rsquo;s vide<\/figcaption><\/figure>\n\n\n\n<figure class=\"wp-block-image size-large\"><a href=\"https:\/\/www.dessign.fr\/kovalseb\/wp-content\/uploads\/2022\/03\/jonquilles-dessign-ARTBOOK-KOVAL-S\u00e9bastien.jpg\"><img loading=\"lazy\" decoding=\"async\" width=\"691\" height=\"1024\" data-id=\"1152\" src=\"https:\/\/www.dessign.fr\/kovalseb\/wp-content\/uploads\/2022\/03\/jonquilles-dessign-ARTBOOK-KOVAL-S\u00e9bastien-691x1024.jpg\" alt=\"jonquilles nature morte dessign.fr dessin ARTBOOK KOVAL S\u00e9bastien\" class=\"wp-image-1152\" srcset=\"https:\/\/www.dessign.fr\/kovalseb\/wp-content\/uploads\/2022\/03\/jonquilles-dessign-ARTBOOK-KOVAL-S\u00e9bastien-691x1024.jpg 691w, https:\/\/www.dessign.fr\/kovalseb\/wp-content\/uploads\/2022\/03\/jonquilles-dessign-ARTBOOK-KOVAL-S\u00e9bastien-202x300.jpg 202w, https:\/\/www.dessign.fr\/kovalseb\/wp-content\/uploads\/2022\/03\/jonquilles-dessign-ARTBOOK-KOVAL-S\u00e9bastien-768x1138.jpg 768w, https:\/\/www.dessign.fr\/kovalseb\/wp-content\/uploads\/2022\/03\/jonquilles-dessign-ARTBOOK-KOVAL-S\u00e9bastien-1036x1536.jpg 1036w, https:\/\/www.dessign.fr\/kovalseb\/wp-content\/uploads\/2022\/03\/jonquilles-dessign-ARTBOOK-KOVAL-S\u00e9bastien.jpg 1120w\" sizes=\"(max-width: 691px) 100vw, 691px\" \/><\/a><figcaption class=\"wp-element-caption\">bouquet de jonquilles<\/figcaption><\/figure>\n\n\n\n<figure class=\"wp-block-image size-large\"><a href=\"https:\/\/www.dessign.fr\/kovalseb\/wp-content\/uploads\/2022\/01\/WiskyCoca.jpg\"><img loading=\"lazy\" decoding=\"async\" width=\"695\" height=\"1024\" data-id=\"1126\" src=\"https:\/\/www.dessign.fr\/kovalseb\/wp-content\/uploads\/2022\/01\/WiskyCoca-695x1024.jpg\" alt=\"Wisky Coca dessign.fr dessin ARTBOOK KOVAL S\u00e9bastien\" class=\"wp-image-1126\" srcset=\"https:\/\/www.dessign.fr\/kovalseb\/wp-content\/uploads\/2022\/01\/WiskyCoca-695x1024.jpg 695w, https:\/\/www.dessign.fr\/kovalseb\/wp-content\/uploads\/2022\/01\/WiskyCoca-204x300.jpg 204w, https:\/\/www.dessign.fr\/kovalseb\/wp-content\/uploads\/2022\/01\/WiskyCoca-768x1131.jpg 768w, https:\/\/www.dessign.fr\/kovalseb\/wp-content\/uploads\/2022\/01\/WiskyCoca-1043x1536.jpg 1043w, https:\/\/www.dessign.fr\/kovalseb\/wp-content\/uploads\/2022\/01\/WiskyCoca.jpg 1368w\" sizes=\"(max-width: 695px) 100vw, 695px\" \/><\/a><figcaption class=\"wp-element-caption\">coca cola skrtch<\/figcaption><\/figure>\n\n\n\n<figure class=\"wp-block-image size-large\"><a href=\"https:\/\/www.dessign.fr\/kovalseb\/wp-content\/uploads\/2020\/06\/Broche-de-Gandalf.jpg\"><img loading=\"lazy\" decoding=\"async\" width=\"1000\" height=\"665\" data-id=\"616\" src=\"https:\/\/www.dessign.fr\/kovalseb\/wp-content\/uploads\/2020\/06\/Broche-de-Gandalf.jpg\" alt=\"Broche de Gandalf le seigneur des anneaux dessign.fr dessin ARTBOOK KOVAL S\u00e9bastien\" class=\"wp-image-616\" srcset=\"https:\/\/www.dessign.fr\/kovalseb\/wp-content\/uploads\/2020\/06\/Broche-de-Gandalf.jpg 1000w, https:\/\/www.dessign.fr\/kovalseb\/wp-content\/uploads\/2020\/06\/Broche-de-Gandalf-300x200.jpg 300w, https:\/\/www.dessign.fr\/kovalseb\/wp-content\/uploads\/2020\/06\/Broche-de-Gandalf-768x511.jpg 768w\" sizes=\"(max-width: 1000px) 100vw, 1000px\" \/><\/a><figcaption class=\"wp-element-caption\">broche de Gandalf Le Blanc<\/figcaption><\/figure>\n\n\n\n<figure class=\"wp-block-image size-large\"><a href=\"https:\/\/www.dessign.fr\/kovalseb\/wp-content\/uploads\/2020\/06\/vanitevanityConcept.jpg\"><img loading=\"lazy\" decoding=\"async\" width=\"1024\" height=\"739\" data-id=\"384\" src=\"https:\/\/www.dessign.fr\/kovalseb\/wp-content\/uploads\/2020\/06\/vanitevanityConcept-1024x739.jpg\" alt=\"vanite dans vanity dessign dessin ARTBOOK KOVAL S\u00e9bastien artiste\" class=\"wp-image-384\" srcset=\"https:\/\/www.dessign.fr\/kovalseb\/wp-content\/uploads\/2020\/06\/vanitevanityConcept-1024x739.jpg 1024w, https:\/\/www.dessign.fr\/kovalseb\/wp-content\/uploads\/2020\/06\/vanitevanityConcept-300x217.jpg 300w, https:\/\/www.dessign.fr\/kovalseb\/wp-content\/uploads\/2020\/06\/vanitevanityConcept-768x555.jpg 768w, https:\/\/www.dessign.fr\/kovalseb\/wp-content\/uploads\/2020\/06\/vanitevanityConcept.jpg 1324w\" sizes=\"(max-width: 1024px) 100vw, 1024px\" \/><\/a><figcaption class=\"wp-element-caption\">vanit\u00e9 sur vanity<\/figcaption><\/figure>\n\n\n\n<figure class=\"wp-block-image size-large\"><a href=\"https:\/\/www.dessign.fr\/kovalseb\/wp-content\/uploads\/2020\/06\/bouquet-de-roses.jpg\"><img loading=\"lazy\" decoding=\"async\" width=\"696\" height=\"682\" data-id=\"525\" src=\"https:\/\/www.dessign.fr\/kovalseb\/wp-content\/uploads\/2020\/06\/bouquet-de-roses.jpg\" alt=\"bouquet de roses nature morte dessign.fr dessin ARTBOOK KOVAL S\u00e9bastien\" class=\"wp-image-525\" srcset=\"https:\/\/www.dessign.fr\/kovalseb\/wp-content\/uploads\/2020\/06\/bouquet-de-roses.jpg 696w, https:\/\/www.dessign.fr\/kovalseb\/wp-content\/uploads\/2020\/06\/bouquet-de-roses-300x294.jpg 300w\" sizes=\"(max-width: 696px) 100vw, 696px\" \/><\/a><figcaption class=\"wp-element-caption\">bouquet de roses<\/figcaption><\/figure>\n\n\n\n<figure class=\"wp-block-image size-large\"><a href=\"https:\/\/www.dessign.fr\/kovalseb\/wp-content\/uploads\/2020\/06\/nature-morte.jpg\"><img loading=\"lazy\" decoding=\"async\" width=\"608\" height=\"801\" data-id=\"522\" src=\"https:\/\/www.dessign.fr\/kovalseb\/wp-content\/uploads\/2020\/06\/nature-morte.jpg\" alt=\"nature morte pomme poire banane orange dessign.fr dessin ARTBOOK KOVAL S\u00e9bastien\" class=\"wp-image-522\" srcset=\"https:\/\/www.dessign.fr\/kovalseb\/wp-content\/uploads\/2020\/06\/nature-morte.jpg 608w, https:\/\/www.dessign.fr\/kovalseb\/wp-content\/uploads\/2020\/06\/nature-morte-228x300.jpg 228w\" sizes=\"(max-width: 608px) 100vw, 608px\" \/><\/a><figcaption class=\"wp-element-caption\">nature morte orange banane pomme<\/figcaption><\/figure>\n\n\n\n<figure class=\"wp-block-image size-large\"><a href=\"https:\/\/www.dessign.fr\/kovalseb\/wp-content\/uploads\/2020\/05\/noixSketch.jpg\"><img loading=\"lazy\" decoding=\"async\" width=\"663\" height=\"872\" data-id=\"309\" src=\"https:\/\/www.dessign.fr\/kovalseb\/wp-content\/uploads\/2020\/05\/noixSketch.jpg\" alt=\"noix academique nature morte dessign dessin ARTBOOK KOVAL S\u00e9bastien artiste\" class=\"wp-image-309\" srcset=\"https:\/\/www.dessign.fr\/kovalseb\/wp-content\/uploads\/2020\/05\/noixSketch.jpg 663w, https:\/\/www.dessign.fr\/kovalseb\/wp-content\/uploads\/2020\/05\/noixSketch-228x300.jpg 228w\" sizes=\"(max-width: 663px) 100vw, 663px\" \/><\/a><figcaption class=\"wp-element-caption\">nature morte noix<\/figcaption><\/figure>\n\n\n\n<figure class=\"wp-block-image size-large\"><a href=\"https:\/\/www.dessign.fr\/kovalseb\/wp-content\/uploads\/2020\/05\/chaussures.jpg\"><img loading=\"lazy\" decoding=\"async\" width=\"1024\" height=\"761\" data-id=\"323\" src=\"https:\/\/www.dessign.fr\/kovalseb\/wp-content\/uploads\/2020\/05\/chaussures-1024x761.jpg\" alt=\"chaussures sneekers dessign dessin ARTBOOK KOVAL S\u00e9bastien artiste\" class=\"wp-image-323\" srcset=\"https:\/\/www.dessign.fr\/kovalseb\/wp-content\/uploads\/2020\/05\/chaussures-1024x761.jpg 1024w, https:\/\/www.dessign.fr\/kovalseb\/wp-content\/uploads\/2020\/05\/chaussures-300x223.jpg 300w, https:\/\/www.dessign.fr\/kovalseb\/wp-content\/uploads\/2020\/05\/chaussures-768x571.jpg 768w, https:\/\/www.dessign.fr\/kovalseb\/wp-content\/uploads\/2020\/05\/chaussures.jpg 1322w\" sizes=\"(max-width: 1024px) 100vw, 1024px\" \/><\/a><figcaption class=\"wp-element-caption\">basket sketch<\/figcaption><\/figure>\n\n\n\n<figure class=\"wp-block-image size-large\"><a href=\"https:\/\/www.dessign.fr\/kovalseb\/wp-content\/uploads\/2020\/05\/Toutankhamon.jpg\"><img loading=\"lazy\" decoding=\"async\" width=\"647\" height=\"870\" data-id=\"330\" src=\"https:\/\/www.dessign.fr\/kovalseb\/wp-content\/uploads\/2020\/05\/Toutankhamon.jpg\" alt=\"Toutankhamon masque dessign dessin ARTBOOK KOVAL S\u00e9bastien artiste\" class=\"wp-image-330\" srcset=\"https:\/\/www.dessign.fr\/kovalseb\/wp-content\/uploads\/2020\/05\/Toutankhamon.jpg 647w, https:\/\/www.dessign.fr\/kovalseb\/wp-content\/uploads\/2020\/05\/Toutankhamon-223x300.jpg 223w\" sizes=\"(max-width: 647px) 100vw, 647px\" \/><\/a><figcaption class=\"wp-element-caption\">Toutankhamon casque<\/figcaption><\/figure>\n\n\n\n<figure class=\"wp-block-image size-large\"><a href=\"https:\/\/www.dessign.fr\/kovalseb\/wp-content\/uploads\/2020\/06\/plume.jpg\"><img loading=\"lazy\" decoding=\"async\" width=\"714\" height=\"960\" data-id=\"538\" src=\"https:\/\/www.dessign.fr\/kovalseb\/wp-content\/uploads\/2020\/06\/plume.jpg\" alt=\"plume dessign.fr dessin ARTBOOK KOVAL S\u00e9bastien\" class=\"wp-image-538\" srcset=\"https:\/\/www.dessign.fr\/kovalseb\/wp-content\/uploads\/2020\/06\/plume.jpg 714w, https:\/\/www.dessign.fr\/kovalseb\/wp-content\/uploads\/2020\/06\/plume-223x300.jpg 223w\" sizes=\"(max-width: 714px) 100vw, 714px\" \/><\/a><figcaption class=\"wp-element-caption\">plume<\/figcaption><\/figure>\n<\/figure>\n\n\n\n<p class=\"has-text-align-center\">Observation et repr\u00e9sentation l&rsquo;exercice utile et agr\u00e9able<\/p>\n\n\n\n<figure class=\"wp-block-video\"><video autoplay controls loop src=\"https:\/\/www.dessign.fr\/kovalseb\/wp-content\/uploads\/2020\/05\/PAGE-FB_video7.mp4\"><\/video><\/figure>\n","protected":false},"excerpt":{"rendered":"<p>Poser un instant son regard sur un objet habituel pour le red\u00e9couvrir Observation et repr\u00e9sentation l&rsquo;exercice utile et agr\u00e9able<\/p>\n","protected":false},"author":2,"featured_media":522,"parent":0,"menu_order":0,"comment_status":"closed","ping_status":"closed","template":"","meta":{"_exactmetrics_skip_tracking":false,"_exactmetrics_sitenote_active":false,"_exactmetrics_sitenote_note":"","_exactmetrics_sitenote_category":0,"footnotes":""},"aioseo_notices":[],"_links":{"self":[{"href":"https:\/\/www.dessign.fr\/kovalseb\/wp-json\/wp\/v2\/pages\/1646"}],"collection":[{"href":"https:\/\/www.dessign.fr\/kovalseb\/wp-json\/wp\/v2\/pages"}],"about":[{"href":"https:\/\/www.dessign.fr\/kovalseb\/wp-json\/wp\/v2\/types\/page"}],"author":[{"embeddable":true,"href":"https:\/\/www.dessign.fr\/kovalseb\/wp-json\/wp\/v2\/users\/2"}],"replies":[{"embeddable":true,"href":"https:\/\/www.dessign.fr\/kovalseb\/wp-json\/wp\/v2\/comments?post=1646"}],"version-history":[{"count":13,"href":"https:\/\/www.dessign.fr\/kovalseb\/wp-json\/wp\/v2\/pages\/1646\/revisions"}],"predecessor-version":[{"id":2661,"href":"https:\/\/www.dessign.fr\/kovalseb\/wp-json\/wp\/v2\/pages\/1646\/revisions\/2661"}],"wp:featuredmedia":[{"embeddable":true,"href":"https:\/\/www.dessign.fr\/kovalseb\/wp-json\/wp\/v2\/media\/522"}],"wp:attachment":[{"href":"https:\/\/www.dessign.fr\/kovalseb\/wp-json\/wp\/v2\/media?parent=1646"}],"curies":[{"name":"wp","href":"https:\/\/api.w.org\/{rel}","templated":true}]}}