{"id":18,"date":"2020-05-26T14:34:08","date_gmt":"2020-05-26T12:34:08","guid":{"rendered":"http:\/\/dessign.fr\/kovalseb\/?page_id=18"},"modified":"2024-03-29T10:14:18","modified_gmt":"2024-03-29T09:14:18","slug":"ink","status":"publish","type":"page","link":"https:\/\/www.dessign.fr\/kovalseb\/ink\/","title":{"rendered":"Ink &#8211; dessins \u00e0 encrage direct"},"content":{"rendered":"\n<blockquote class=\"wp-block-quote is-layout-flow wp-block-quote-is-layout-flow\">\n<p>Le pinceau sur le papier, des taches, des coulures et des cr\u00e9ations fougueuses<\/p>\n<\/blockquote>\n\n\n\n<figure class=\"wp-block-gallery has-nested-images columns-default is-cropped wp-block-gallery-1 is-layout-flex wp-block-gallery-is-layout-flex\">\n<figure class=\"wp-block-image size-large\"><img loading=\"lazy\" decoding=\"async\" width=\"706\" height=\"1024\" data-id=\"2722\" src=\"https:\/\/www.dessign.fr\/kovalseb\/wp-content\/uploads\/2024\/03\/amour-couple-dessign-koval-seb-art-706x1024.jpg\" alt=\"calin dessin koval seb\" class=\"wp-image-2722\" srcset=\"https:\/\/www.dessign.fr\/kovalseb\/wp-content\/uploads\/2024\/03\/amour-couple-dessign-koval-seb-art-706x1024.jpg 706w, https:\/\/www.dessign.fr\/kovalseb\/wp-content\/uploads\/2024\/03\/amour-couple-dessign-koval-seb-art-207x300.jpg 207w, https:\/\/www.dessign.fr\/kovalseb\/wp-content\/uploads\/2024\/03\/amour-couple-dessign-koval-seb-art-768x1115.jpg 768w, https:\/\/www.dessign.fr\/kovalseb\/wp-content\/uploads\/2024\/03\/amour-couple-dessign-koval-seb-art.jpg 973w\" sizes=\"(max-width: 706px) 100vw, 706px\" \/><figcaption class=\"wp-element-caption\">Love couple<\/figcaption><\/figure>\n\n\n\n<figure class=\"wp-block-image size-large\"><a href=\"https:\/\/www.dessign.fr\/kovalseb\/wp-content\/uploads\/2023\/11\/Manoir-dessign-kovalseb-art.jpg\"><img loading=\"lazy\" decoding=\"async\" width=\"696\" height=\"1024\" data-id=\"2563\" src=\"https:\/\/www.dessign.fr\/kovalseb\/wp-content\/uploads\/2023\/11\/Manoir-dessign-kovalseb-art-696x1024.jpg\" alt=\"\" class=\"wp-image-2563\" srcset=\"https:\/\/www.dessign.fr\/kovalseb\/wp-content\/uploads\/2023\/11\/Manoir-dessign-kovalseb-art-696x1024.jpg 696w, https:\/\/www.dessign.fr\/kovalseb\/wp-content\/uploads\/2023\/11\/Manoir-dessign-kovalseb-art-204x300.jpg 204w, https:\/\/www.dessign.fr\/kovalseb\/wp-content\/uploads\/2023\/11\/Manoir-dessign-kovalseb-art-768x1130.jpg 768w, https:\/\/www.dessign.fr\/kovalseb\/wp-content\/uploads\/2023\/11\/Manoir-dessign-kovalseb-art-1044x1536.jpg 1044w, https:\/\/www.dessign.fr\/kovalseb\/wp-content\/uploads\/2023\/11\/Manoir-dessign-kovalseb-art.jpg 1225w\" sizes=\"(max-width: 696px) 100vw, 696px\" \/><\/a><figcaption class=\"wp-element-caption\">Manoir<\/figcaption><\/figure>\n\n\n\n<figure class=\"wp-block-image size-large\"><a href=\"https:\/\/www.dessign.fr\/kovalseb\/wp-content\/uploads\/2020\/06\/sketchoiseauxserpentaire.jpg\"><img loading=\"lazy\" decoding=\"async\" width=\"1023\" height=\"744\" data-id=\"534\" src=\"https:\/\/www.dessign.fr\/kovalseb\/wp-content\/uploads\/2020\/06\/sketchoiseauxserpentaire.jpg\" alt=\"sketch oiseaux serpentaire aigle des remparts provins dessign.fr dessin ARTBOOK KOVAL S\u00e9bastien\" class=\"wp-image-534\" srcset=\"https:\/\/www.dessign.fr\/kovalseb\/wp-content\/uploads\/2020\/06\/sketchoiseauxserpentaire.jpg 1023w, https:\/\/www.dessign.fr\/kovalseb\/wp-content\/uploads\/2020\/06\/sketchoiseauxserpentaire-300x218.jpg 300w, https:\/\/www.dessign.fr\/kovalseb\/wp-content\/uploads\/2020\/06\/sketchoiseauxserpentaire-768x559.jpg 768w\" sizes=\"(max-width: 1023px) 100vw, 1023px\" \/><\/a><figcaption class=\"wp-element-caption\">Serpentaire \u00e0 Provins<\/figcaption><\/figure>\n\n\n\n<figure class=\"wp-block-image size-large\"><a href=\"https:\/\/www.dessign.fr\/kovalseb\/wp-content\/uploads\/2023\/04\/revolution-MACRON-retraite-dessign-kovalseb-art.jpg\"><img loading=\"lazy\" decoding=\"async\" width=\"501\" height=\"732\" data-id=\"2383\" src=\"https:\/\/www.dessign.fr\/kovalseb\/wp-content\/uploads\/2023\/04\/revolution-MACRON-retraite-dessign-kovalseb-art.jpg\" alt=\"r\u00e9volution fran\u00e7aise retraite 2023\" class=\"wp-image-2383\" srcset=\"https:\/\/www.dessign.fr\/kovalseb\/wp-content\/uploads\/2023\/04\/revolution-MACRON-retraite-dessign-kovalseb-art.jpg 501w, https:\/\/www.dessign.fr\/kovalseb\/wp-content\/uploads\/2023\/04\/revolution-MACRON-retraite-dessign-kovalseb-art-205x300.jpg 205w\" sizes=\"(max-width: 501px) 100vw, 501px\" \/><\/a><figcaption class=\"wp-element-caption\">BlackBlock revolution<\/figcaption><\/figure>\n\n\n\n<figure class=\"wp-block-image size-large\"><a href=\"https:\/\/www.dessign.fr\/kovalseb\/wp-content\/uploads\/2023\/03\/Florian-en-Bretagne-dessign-kovalseb-art.jpg\"><img loading=\"lazy\" decoding=\"async\" width=\"560\" height=\"871\" data-id=\"2248\" src=\"https:\/\/www.dessign.fr\/kovalseb\/wp-content\/uploads\/2023\/03\/Florian-en-Bretagne-dessign-kovalseb-art.jpg\" alt=\"Florian en Bretagne croquis\" class=\"wp-image-2248\" srcset=\"https:\/\/www.dessign.fr\/kovalseb\/wp-content\/uploads\/2023\/03\/Florian-en-Bretagne-dessign-kovalseb-art.jpg 560w, https:\/\/www.dessign.fr\/kovalseb\/wp-content\/uploads\/2023\/03\/Florian-en-Bretagne-dessign-kovalseb-art-193x300.jpg 193w\" sizes=\"(max-width: 560px) 100vw, 560px\" \/><\/a><figcaption class=\"wp-element-caption\">Flo de Bretagne<\/figcaption><\/figure>\n\n\n\n<figure class=\"wp-block-image size-large\"><a href=\"https:\/\/www.dessign.fr\/kovalseb\/wp-content\/uploads\/2022\/12\/selfie-glamour-dessign-ARTBOOK-KOVAL-S\u00e9bastien-.jpg\"><img loading=\"lazy\" decoding=\"async\" width=\"907\" height=\"648\" data-id=\"1379\" src=\"https:\/\/www.dessign.fr\/kovalseb\/wp-content\/uploads\/2022\/12\/selfie-glamour-dessign-ARTBOOK-KOVAL-S\u00e9bastien-.jpg\" alt=\"dessign.fr dessin femme du monde ARTBOOK KOVAL S\u00e9bastien\" class=\"wp-image-1379\" srcset=\"https:\/\/www.dessign.fr\/kovalseb\/wp-content\/uploads\/2022\/12\/selfie-glamour-dessign-ARTBOOK-KOVAL-S\u00e9bastien-.jpg 907w, https:\/\/www.dessign.fr\/kovalseb\/wp-content\/uploads\/2022\/12\/selfie-glamour-dessign-ARTBOOK-KOVAL-S\u00e9bastien--300x214.jpg 300w, https:\/\/www.dessign.fr\/kovalseb\/wp-content\/uploads\/2022\/12\/selfie-glamour-dessign-ARTBOOK-KOVAL-S\u00e9bastien--768x549.jpg 768w\" sizes=\"(max-width: 907px) 100vw, 907px\" \/><\/a><figcaption class=\"wp-element-caption\">selfie glamour<\/figcaption><\/figure>\n\n\n\n<figure class=\"wp-block-image size-large\"><a href=\"https:\/\/www.dessign.fr\/kovalseb\/wp-content\/uploads\/2022\/12\/hip-hop-NIKE-danse-dessign-ARTBOOK-KOVAL-S\u00e9bastien.jpg\"><img loading=\"lazy\" decoding=\"async\" width=\"625\" height=\"1024\" data-id=\"1356\" src=\"https:\/\/www.dessign.fr\/kovalseb\/wp-content\/uploads\/2022\/12\/hip-hop-NIKE-danse-dessign-ARTBOOK-KOVAL-S\u00e9bastien-625x1024.jpg\" alt=\"hip hop NIKE danse dessign.fr dessin ARTBOOK KOVAL S\u00e9bastien\" class=\"wp-image-1356\" srcset=\"https:\/\/www.dessign.fr\/kovalseb\/wp-content\/uploads\/2022\/12\/hip-hop-NIKE-danse-dessign-ARTBOOK-KOVAL-S\u00e9bastien-625x1024.jpg 625w, https:\/\/www.dessign.fr\/kovalseb\/wp-content\/uploads\/2022\/12\/hip-hop-NIKE-danse-dessign-ARTBOOK-KOVAL-S\u00e9bastien-183x300.jpg 183w, https:\/\/www.dessign.fr\/kovalseb\/wp-content\/uploads\/2022\/12\/hip-hop-NIKE-danse-dessign-ARTBOOK-KOVAL-S\u00e9bastien-768x1258.jpg 768w, https:\/\/www.dessign.fr\/kovalseb\/wp-content\/uploads\/2022\/12\/hip-hop-NIKE-danse-dessign-ARTBOOK-KOVAL-S\u00e9bastien-938x1536.jpg 938w, https:\/\/www.dessign.fr\/kovalseb\/wp-content\/uploads\/2022\/12\/hip-hop-NIKE-danse-dessign-ARTBOOK-KOVAL-S\u00e9bastien.jpg 1114w\" sizes=\"(max-width: 625px) 100vw, 625px\" \/><\/a><figcaption class=\"wp-element-caption\">hip hop danse <\/figcaption><\/figure>\n\n\n\n<figure class=\"wp-block-image size-large\"><a href=\"https:\/\/www.dessign.fr\/kovalseb\/wp-content\/uploads\/2022\/12\/love-cat-dessign-ARTBOOK-KOVAL-S\u00e9bastien.jpg\"><img loading=\"lazy\" decoding=\"async\" width=\"502\" height=\"775\" data-id=\"1358\" src=\"https:\/\/www.dessign.fr\/kovalseb\/wp-content\/uploads\/2022\/12\/love-cat-dessign-ARTBOOK-KOVAL-S\u00e9bastien.jpg\" alt=\"chaton et fillette dessign.fr dessin ARTBOOK KOVAL S\u00e9bastien\" class=\"wp-image-1358\" srcset=\"https:\/\/www.dessign.fr\/kovalseb\/wp-content\/uploads\/2022\/12\/love-cat-dessign-ARTBOOK-KOVAL-S\u00e9bastien.jpg 502w, https:\/\/www.dessign.fr\/kovalseb\/wp-content\/uploads\/2022\/12\/love-cat-dessign-ARTBOOK-KOVAL-S\u00e9bastien-194x300.jpg 194w\" sizes=\"(max-width: 502px) 100vw, 502px\" \/><\/a><figcaption class=\"wp-element-caption\">lovely cat<\/figcaption><\/figure>\n\n\n\n<figure class=\"wp-block-image size-large\"><a href=\"https:\/\/www.dessign.fr\/kovalseb\/wp-content\/uploads\/2020\/11\/sketchinkindian.jpg\"><img loading=\"lazy\" decoding=\"async\" width=\"757\" height=\"1024\" data-id=\"833\" src=\"https:\/\/www.dessign.fr\/kovalseb\/wp-content\/uploads\/2020\/11\/sketchinkindian-757x1024.jpg\" alt=\"encre dessign.fr dessin ARTBOOK KOVAL S\u00e9bastien\" class=\"wp-image-833\" srcset=\"https:\/\/www.dessign.fr\/kovalseb\/wp-content\/uploads\/2020\/11\/sketchinkindian-757x1024.jpg 757w, https:\/\/www.dessign.fr\/kovalseb\/wp-content\/uploads\/2020\/11\/sketchinkindian-222x300.jpg 222w, https:\/\/www.dessign.fr\/kovalseb\/wp-content\/uploads\/2020\/11\/sketchinkindian-768x1039.jpg 768w, https:\/\/www.dessign.fr\/kovalseb\/wp-content\/uploads\/2020\/11\/sketchinkindian.jpg 800w\" sizes=\"(max-width: 757px) 100vw, 757px\" \/><\/a><figcaption class=\"wp-element-caption\">western sketch<\/figcaption><\/figure>\n\n\n\n<figure class=\"wp-block-image size-large\"><a href=\"https:\/\/www.dessign.fr\/kovalseb\/wp-content\/uploads\/2022\/12\/karate-ink-dessign-ARTBOOK-KOVAL-S\u00e9bastien.jpg\"><img loading=\"lazy\" decoding=\"async\" width=\"541\" height=\"797\" data-id=\"1357\" src=\"https:\/\/www.dessign.fr\/kovalseb\/wp-content\/uploads\/2022\/12\/karate-ink-dessign-ARTBOOK-KOVAL-S\u00e9bastien.jpg\" alt=\"karate femme dessin encre dessign.fr ARTBOOK KOVAL S\u00e9bastien\" class=\"wp-image-1357\" srcset=\"https:\/\/www.dessign.fr\/kovalseb\/wp-content\/uploads\/2022\/12\/karate-ink-dessign-ARTBOOK-KOVAL-S\u00e9bastien.jpg 541w, https:\/\/www.dessign.fr\/kovalseb\/wp-content\/uploads\/2022\/12\/karate-ink-dessign-ARTBOOK-KOVAL-S\u00e9bastien-204x300.jpg 204w\" sizes=\"(max-width: 541px) 100vw, 541px\" \/><\/a><figcaption class=\"wp-element-caption\">Karate girl<\/figcaption><\/figure>\n\n\n\n<figure class=\"wp-block-image size-large\"><a href=\"https:\/\/www.dessign.fr\/kovalseb\/wp-content\/uploads\/2020\/05\/rat.jpg\"><img loading=\"lazy\" decoding=\"async\" width=\"714\" height=\"561\" data-id=\"168\" src=\"https:\/\/www.dessign.fr\/kovalseb\/wp-content\/uploads\/2020\/05\/rat.jpg\" alt=\"rat annee dessign dessin ARTBOOK KOVAL S\u00e9bastien artiste\" class=\"wp-image-168\" srcset=\"https:\/\/www.dessign.fr\/kovalseb\/wp-content\/uploads\/2020\/05\/rat.jpg 714w, https:\/\/www.dessign.fr\/kovalseb\/wp-content\/uploads\/2020\/05\/rat-300x236.jpg 300w\" sizes=\"(max-width: 714px) 100vw, 714px\" \/><\/a><figcaption class=\"wp-element-caption\">Ann\u00e9e du rat<\/figcaption><\/figure>\n\n\n\n<figure class=\"wp-block-image size-large\"><a href=\"https:\/\/www.dessign.fr\/kovalseb\/wp-content\/uploads\/2020\/05\/cowboy.jpg\"><img loading=\"lazy\" decoding=\"async\" width=\"583\" height=\"880\" data-id=\"169\" src=\"https:\/\/www.dessign.fr\/kovalseb\/wp-content\/uploads\/2020\/05\/cowboy.jpg\" alt=\"cowboy encre dessign dessin ARTBOOK KOVAL S\u00e9bastien artiste\" class=\"wp-image-169\" srcset=\"https:\/\/www.dessign.fr\/kovalseb\/wp-content\/uploads\/2020\/05\/cowboy.jpg 583w, https:\/\/www.dessign.fr\/kovalseb\/wp-content\/uploads\/2020\/05\/cowboy-199x300.jpg 199w\" sizes=\"(max-width: 583px) 100vw, 583px\" \/><\/a><figcaption class=\"wp-element-caption\">chevauch\u00e9e<\/figcaption><\/figure>\n\n\n\n<figure class=\"wp-block-image size-large\"><img loading=\"lazy\" decoding=\"async\" width=\"717\" height=\"1024\" data-id=\"2720\" src=\"https:\/\/www.dessign.fr\/kovalseb\/wp-content\/uploads\/2024\/03\/Yo-dessign-koval-seb-art-717x1024.jpg\" alt=\"grapheur en pose dessin koval seb\" class=\"wp-image-2720\" srcset=\"https:\/\/www.dessign.fr\/kovalseb\/wp-content\/uploads\/2024\/03\/Yo-dessign-koval-seb-art-717x1024.jpg 717w, https:\/\/www.dessign.fr\/kovalseb\/wp-content\/uploads\/2024\/03\/Yo-dessign-koval-seb-art-210x300.jpg 210w, https:\/\/www.dessign.fr\/kovalseb\/wp-content\/uploads\/2024\/03\/Yo-dessign-koval-seb-art-768x1097.jpg 768w, https:\/\/www.dessign.fr\/kovalseb\/wp-content\/uploads\/2024\/03\/Yo-dessign-koval-seb-art.jpg 1039w\" sizes=\"(max-width: 717px) 100vw, 717px\" \/><figcaption class=\"wp-element-caption\">grapheur en pose <\/figcaption><\/figure>\n<\/figure>\n\n\n\n<p class=\"has-text-align-center\">De l&rsquo;encre directement sur papier, du dessin \u00e0 main lev\u00e9e sans retour possible<\/p>\n\n\n\n<figure class=\"wp-block-gallery has-nested-images columns-default is-cropped wp-block-gallery-2 is-layout-flex wp-block-gallery-is-layout-flex\">\n<figure class=\"wp-block-image size-large\"><a href=\"https:\/\/www.dessign.fr\/kovalseb\/wp-content\/uploads\/2020\/05\/cerfespritdelaforet.jpg\"><img loading=\"lazy\" decoding=\"async\" width=\"1024\" height=\"736\" data-id=\"335\" src=\"https:\/\/www.dessign.fr\/kovalseb\/wp-content\/uploads\/2020\/05\/cerfespritdelaforet-1024x736.jpg\" alt=\"cerf esprit de la foret encre coulante dessign dessin ARTBOOK KOVAL S\u00e9bastien artiste\" class=\"wp-image-335\" srcset=\"https:\/\/www.dessign.fr\/kovalseb\/wp-content\/uploads\/2020\/05\/cerfespritdelaforet-1024x736.jpg 1024w, https:\/\/www.dessign.fr\/kovalseb\/wp-content\/uploads\/2020\/05\/cerfespritdelaforet-300x216.jpg 300w, https:\/\/www.dessign.fr\/kovalseb\/wp-content\/uploads\/2020\/05\/cerfespritdelaforet-768x552.jpg 768w, https:\/\/www.dessign.fr\/kovalseb\/wp-content\/uploads\/2020\/05\/cerfespritdelaforet.jpg 1374w\" sizes=\"(max-width: 1024px) 100vw, 1024px\" \/><\/a><figcaption class=\"wp-element-caption\">cerf Roi de la for\u00eat<\/figcaption><\/figure>\n\n\n\n<figure class=\"wp-block-image size-large\"><a href=\"https:\/\/www.dessign.fr\/kovalseb\/wp-content\/uploads\/2020\/05\/paysageBushido.jpg\"><img loading=\"lazy\" decoding=\"async\" width=\"658\" height=\"872\" data-id=\"227\" src=\"https:\/\/www.dessign.fr\/kovalseb\/wp-content\/uploads\/2020\/05\/paysageBushido.jpg\" alt=\"paysage Bushido dessign dessin ARTBOOK KOVAL S\u00e9bastien artiste\" class=\"wp-image-227\" srcset=\"https:\/\/www.dessign.fr\/kovalseb\/wp-content\/uploads\/2020\/05\/paysageBushido.jpg 658w, https:\/\/www.dessign.fr\/kovalseb\/wp-content\/uploads\/2020\/05\/paysageBushido-226x300.jpg 226w\" sizes=\"(max-width: 658px) 100vw, 658px\" \/><\/a><figcaption class=\"wp-element-caption\">Samurai land<\/figcaption><\/figure>\n\n\n\n<figure class=\"wp-block-image size-large\"><a href=\"https:\/\/www.dessign.fr\/kovalseb\/wp-content\/uploads\/2020\/05\/penseeInk.jpg\"><img loading=\"lazy\" decoding=\"async\" width=\"784\" height=\"1024\" data-id=\"202\" src=\"https:\/\/www.dessign.fr\/kovalseb\/wp-content\/uploads\/2020\/05\/penseeInk-784x1024.jpg\" alt=\"pensee encre rouge visage dessign dessin ARTBOOK KOVAL S\u00e9bastien artiste\" class=\"wp-image-202\" srcset=\"https:\/\/www.dessign.fr\/kovalseb\/wp-content\/uploads\/2020\/05\/penseeInk-784x1024.jpg 784w, https:\/\/www.dessign.fr\/kovalseb\/wp-content\/uploads\/2020\/05\/penseeInk-230x300.jpg 230w, https:\/\/www.dessign.fr\/kovalseb\/wp-content\/uploads\/2020\/05\/penseeInk-768x1003.jpg 768w, https:\/\/www.dessign.fr\/kovalseb\/wp-content\/uploads\/2020\/05\/penseeInk-1176x1536.jpg 1176w, https:\/\/www.dessign.fr\/kovalseb\/wp-content\/uploads\/2020\/05\/penseeInk.jpg 1455w\" sizes=\"(max-width: 784px) 100vw, 784px\" \/><\/a><figcaption class=\"wp-element-caption\">visage<\/figcaption><\/figure>\n\n\n\n<figure class=\"wp-block-image size-large\"><a href=\"https:\/\/www.dessign.fr\/kovalseb\/wp-content\/uploads\/2020\/05\/JigoroKANOshihan.jpg\"><img loading=\"lazy\" decoding=\"async\" width=\"768\" height=\"1024\" data-id=\"199\" src=\"https:\/\/www.dessign.fr\/kovalseb\/wp-content\/uploads\/2020\/05\/JigoroKANOshihan-768x1024.jpg\" alt=\"Jigoro KANO shihan technique judoenlignes.com dessign dessin ARTBOOK KOVAL S\u00e9bastien artiste\" class=\"wp-image-199\" srcset=\"https:\/\/www.dessign.fr\/kovalseb\/wp-content\/uploads\/2020\/05\/JigoroKANOshihan-768x1024.jpg 768w, https:\/\/www.dessign.fr\/kovalseb\/wp-content\/uploads\/2020\/05\/JigoroKANOshihan-225x300.jpg 225w, https:\/\/www.dessign.fr\/kovalseb\/wp-content\/uploads\/2020\/05\/JigoroKANOshihan-1152x1536.jpg 1152w, https:\/\/www.dessign.fr\/kovalseb\/wp-content\/uploads\/2020\/05\/JigoroKANOshihan.jpg 1425w\" sizes=\"(max-width: 768px) 100vw, 768px\" \/><\/a><figcaption class=\"wp-element-caption\">Jigoro KANO Shihan<\/figcaption><\/figure>\n\n\n\n<figure class=\"wp-block-image size-large\"><a href=\"https:\/\/www.dessign.fr\/kovalseb\/wp-content\/uploads\/2020\/05\/boxeThai.jpg\"><img loading=\"lazy\" decoding=\"async\" width=\"622\" height=\"889\" data-id=\"167\" src=\"https:\/\/www.dessign.fr\/kovalseb\/wp-content\/uploads\/2020\/05\/boxeThai.jpg\" alt=\"boxe tha\u00eflandaise Wai Khru Ram Muay dessign dessin ARTBOOK KOVAL S\u00e9bastien artiste\" class=\"wp-image-167\" srcset=\"https:\/\/www.dessign.fr\/kovalseb\/wp-content\/uploads\/2020\/05\/boxeThai.jpg 622w, https:\/\/www.dessign.fr\/kovalseb\/wp-content\/uploads\/2020\/05\/boxeThai-210x300.jpg 210w\" sizes=\"(max-width: 622px) 100vw, 622px\" \/><\/a><figcaption class=\"wp-element-caption\">Wai Khru Ram Muay<\/figcaption><\/figure>\n\n\n\n<figure class=\"wp-block-image size-large\"><a href=\"https:\/\/www.dessign.fr\/kovalseb\/wp-content\/uploads\/2020\/05\/Pinkgirl.jpg\"><img loading=\"lazy\" decoding=\"async\" width=\"590\" height=\"846\" data-id=\"165\" src=\"https:\/\/www.dessign.fr\/kovalseb\/wp-content\/uploads\/2020\/05\/Pinkgirl.jpg\" alt=\"girl encre dessign dessin ARTBOOK KOVAL S\u00e9bastien artiste\" class=\"wp-image-165\" srcset=\"https:\/\/www.dessign.fr\/kovalseb\/wp-content\/uploads\/2020\/05\/Pinkgirl.jpg 590w, https:\/\/www.dessign.fr\/kovalseb\/wp-content\/uploads\/2020\/05\/Pinkgirl-209x300.jpg 209w\" sizes=\"(max-width: 590px) 100vw, 590px\" \/><\/a><figcaption class=\"wp-element-caption\">pens\u00e9e encr\u00e9e<\/figcaption><\/figure>\n\n\n\n<figure class=\"wp-block-image size-large\"><a href=\"https:\/\/www.dessign.fr\/kovalseb\/wp-content\/uploads\/2020\/05\/libellule-1.jpg\"><img loading=\"lazy\" decoding=\"async\" width=\"1024\" height=\"746\" data-id=\"164\" src=\"https:\/\/www.dessign.fr\/kovalseb\/wp-content\/uploads\/2020\/05\/libellule-1-1024x746.jpg\" alt=\"libellule encre de chine dessign dessin ARTBOOK KOVAL S\u00e9bastien artiste\" class=\"wp-image-164\" srcset=\"https:\/\/www.dessign.fr\/kovalseb\/wp-content\/uploads\/2020\/05\/libellule-1-1024x746.jpg 1024w, https:\/\/www.dessign.fr\/kovalseb\/wp-content\/uploads\/2020\/05\/libellule-1-300x219.jpg 300w, https:\/\/www.dessign.fr\/kovalseb\/wp-content\/uploads\/2020\/05\/libellule-1-768x560.jpg 768w, https:\/\/www.dessign.fr\/kovalseb\/wp-content\/uploads\/2020\/05\/libellule-1.jpg 1107w\" sizes=\"(max-width: 1024px) 100vw, 1024px\" \/><\/a><figcaption class=\"wp-element-caption\">libellule encre de chine<\/figcaption><\/figure>\n\n\n\n<figure class=\"wp-block-image size-large\"><a href=\"https:\/\/www.dessign.fr\/kovalseb\/wp-content\/uploads\/2020\/05\/Jah-rastafari-1.jpg\"><img loading=\"lazy\" decoding=\"async\" width=\"637\" height=\"911\" data-id=\"163\" src=\"https:\/\/www.dessign.fr\/kovalseb\/wp-content\/uploads\/2020\/05\/Jah-rastafari-1.jpg\" alt=\"Jah rastafari dessign dessin ARTBOOK KOVAL S\u00e9bastien artiste\" class=\"wp-image-163\" srcset=\"https:\/\/www.dessign.fr\/kovalseb\/wp-content\/uploads\/2020\/05\/Jah-rastafari-1.jpg 637w, https:\/\/www.dessign.fr\/kovalseb\/wp-content\/uploads\/2020\/05\/Jah-rastafari-1-210x300.jpg 210w\" sizes=\"(max-width: 637px) 100vw, 637px\" \/><\/a><figcaption class=\"wp-element-caption\">rasta sketch<\/figcaption><\/figure>\n<\/figure>\n\n\n\n<figure class=\"wp-block-video\"><video autoplay controls loop src=\"https:\/\/www.dessign.fr\/kovalseb\/wp-content\/uploads\/2020\/05\/PAGE-FB_video4.mp4\"><\/video><\/figure>\n","protected":false},"excerpt":{"rendered":"<p>Le pinceau sur le papier, des taches, des coulures et des cr\u00e9ations fougueuses De l&rsquo;encre directement sur papier, du dessin \u00e0 main lev\u00e9e sans retour possible<\/p>\n","protected":false},"author":2,"featured_media":1356,"parent":0,"menu_order":0,"comment_status":"closed","ping_status":"closed","template":"","meta":{"_exactmetrics_skip_tracking":false,"_exactmetrics_sitenote_active":false,"_exactmetrics_sitenote_note":"","_exactmetrics_sitenote_category":0,"footnotes":""},"aioseo_notices":[],"_links":{"self":[{"href":"https:\/\/www.dessign.fr\/kovalseb\/wp-json\/wp\/v2\/pages\/18"}],"collection":[{"href":"https:\/\/www.dessign.fr\/kovalseb\/wp-json\/wp\/v2\/pages"}],"about":[{"href":"https:\/\/www.dessign.fr\/kovalseb\/wp-json\/wp\/v2\/types\/page"}],"author":[{"embeddable":true,"href":"https:\/\/www.dessign.fr\/kovalseb\/wp-json\/wp\/v2\/users\/2"}],"replies":[{"embeddable":true,"href":"https:\/\/www.dessign.fr\/kovalseb\/wp-json\/wp\/v2\/comments?post=18"}],"version-history":[{"count":30,"href":"https:\/\/www.dessign.fr\/kovalseb\/wp-json\/wp\/v2\/pages\/18\/revisions"}],"predecessor-version":[{"id":2731,"href":"https:\/\/www.dessign.fr\/kovalseb\/wp-json\/wp\/v2\/pages\/18\/revisions\/2731"}],"wp:featuredmedia":[{"embeddable":true,"href":"https:\/\/www.dessign.fr\/kovalseb\/wp-json\/wp\/v2\/media\/1356"}],"wp:attachment":[{"href":"https:\/\/www.dessign.fr\/kovalseb\/wp-json\/wp\/v2\/media?parent=18"}],"curies":[{"name":"wp","href":"https:\/\/api.w.org\/{rel}","templated":true}]}}