{"id":2213,"date":"2023-02-17T11:13:44","date_gmt":"2023-02-17T10:13:44","guid":{"rendered":"https:\/\/www.dessign.fr\/kovalseb\/?page_id=2213"},"modified":"2026-03-13T08:49:45","modified_gmt":"2026-03-13T07:49:45","slug":"lensemble-des-creations-sur-carnet-a-revoir-en-video","status":"publish","type":"page","link":"https:\/\/www.dessign.fr\/kovalseb\/lensemble-des-creations-sur-carnet-a-revoir-en-video\/","title":{"rendered":"L&rsquo;ensemble des cr\u00e9ations sur carnet \u00e0 revoir en vid\u00e9o"},"content":{"rendered":"\n<h4 class=\"wp-block-heading\">Un sketchbook de fini 10 de retrouv\u00e9s !! visualisez ici toutes les cr\u00e9ations rapides, les essais, les id\u00e9es lach\u00e9es sur carnets&#8230;<\/h4>\n\n\n\n<div class=\"wp-block-columns is-layout-flex wp-container-core-columns-is-layout-1 wp-block-columns-is-layout-flex\">\n<div class=\"wp-block-column is-layout-flow wp-block-column-is-layout-flow\">\n<figure class=\"wp-block-video\"><video controls src=\"https:\/\/www.dessign.fr\/kovalseb\/wp-content\/uploads\/2023\/05\/2023-1.mp4\"><\/video><figcaption class=\"wp-element-caption\">Carnet 2023-1<\/figcaption><\/figure>\n<\/div>\n\n\n\n<div class=\"wp-block-column is-layout-flow wp-block-column-is-layout-flow\"><\/div>\n\n\n\n<div class=\"wp-block-column is-layout-flow wp-block-column-is-layout-flow\"><\/div>\n<\/div>\n\n\n\n<div class=\"wp-block-columns is-layout-flex wp-container-core-columns-is-layout-2 wp-block-columns-is-layout-flex\">\n<div class=\"wp-block-column is-layout-flow wp-block-column-is-layout-flow\">\n<figure class=\"wp-block-video\"><video controls src=\"https:\/\/www.dessign.fr\/kovalseb\/wp-content\/uploads\/2023\/02\/2022-3.mp4\"><\/video><figcaption class=\"wp-element-caption\">carnet 2022 3<\/figcaption><\/figure>\n<\/div>\n\n\n\n<div class=\"wp-block-column is-layout-flow wp-block-column-is-layout-flow\">\n<figure class=\"wp-block-video\"><video controls src=\"https:\/\/www.dessign.fr\/kovalseb\/wp-content\/uploads\/2023\/02\/2022-2-carnet.mp4\"><\/video><figcaption class=\"wp-element-caption\">carnet 2022 2<\/figcaption><\/figure>\n<\/div>\n\n\n\n<div class=\"wp-block-column is-layout-flow wp-block-column-is-layout-flow\">\n<figure class=\"wp-block-video\"><video controls src=\"https:\/\/www.dessign.fr\/kovalseb\/wp-content\/uploads\/2023\/02\/2022-1-carnet.mp4\"><\/video><figcaption class=\"wp-element-caption\">carnet 2022 1<\/figcaption><\/figure>\n<\/div>\n<\/div>\n\n\n\n<div class=\"wp-block-columns is-layout-flex wp-container-core-columns-is-layout-3 wp-block-columns-is-layout-flex\">\n<div class=\"wp-block-column is-layout-flow wp-block-column-is-layout-flow\">\n<figure class=\"wp-block-video\"><video controls src=\"https:\/\/www.dessign.fr\/kovalseb\/wp-content\/uploads\/2023\/02\/2021-2-carnet.mp4\"><\/video><figcaption class=\"wp-element-caption\">carnet 2021 2<\/figcaption><\/figure>\n<\/div>\n\n\n\n<div class=\"wp-block-column is-layout-flow wp-block-column-is-layout-flow\">\n<figure class=\"wp-block-video\"><video controls src=\"https:\/\/www.dessign.fr\/kovalseb\/wp-content\/uploads\/2023\/02\/2022-1-carnet.mp4\"><\/video><figcaption class=\"wp-element-caption\">carnet 2021 1<\/figcaption><\/figure>\n<\/div>\n\n\n\n<div class=\"wp-block-column is-layout-flow wp-block-column-is-layout-flow\">\n<figure class=\"wp-block-video\"><video controls src=\"https:\/\/www.dessign.fr\/kovalseb\/wp-content\/uploads\/2023\/02\/2020-2021.mp4\"><\/video><figcaption class=\"wp-element-caption\">carnet 2020 2<\/figcaption><\/figure>\n<\/div>\n<\/div>\n\n\n\n<div class=\"wp-block-columns is-layout-flex wp-container-core-columns-is-layout-4 wp-block-columns-is-layout-flex\">\n<div class=\"wp-block-column is-layout-flow wp-block-column-is-layout-flow\">\n<figure class=\"wp-block-video\"><video controls src=\"https:\/\/www.dessign.fr\/kovalseb\/wp-content\/uploads\/2023\/02\/2020-1.mp4\"><\/video><figcaption class=\"wp-element-caption\">carnet 2020 1<\/figcaption><\/figure>\n<\/div>\n\n\n\n<div class=\"wp-block-column is-layout-flow wp-block-column-is-layout-flow\">\n<figure class=\"wp-block-video\"><video controls src=\"https:\/\/www.dessign.fr\/kovalseb\/wp-content\/uploads\/2023\/02\/2019-3.mp4\"><\/video><figcaption class=\"wp-element-caption\">carnet 2019 3<\/figcaption><\/figure>\n<\/div>\n\n\n\n<div class=\"wp-block-column is-layout-flow wp-block-column-is-layout-flow\">\n<figure class=\"wp-block-video\"><video controls src=\"https:\/\/www.dessign.fr\/kovalseb\/wp-content\/uploads\/2023\/02\/2019-2.mp4\"><\/video><figcaption class=\"wp-element-caption\">carnet 2019 2<\/figcaption><\/figure>\n<\/div>\n<\/div>\n\n\n\n<div class=\"wp-block-columns is-layout-flex wp-container-core-columns-is-layout-5 wp-block-columns-is-layout-flex\">\n<div class=\"wp-block-column is-layout-flow wp-block-column-is-layout-flow\">\n<figure class=\"wp-block-video\"><video controls src=\"https:\/\/www.dessign.fr\/kovalseb\/wp-content\/uploads\/2023\/02\/2019-1.mp4\"><\/video><figcaption class=\"wp-element-caption\">carnet 2019 1<\/figcaption><\/figure>\n<\/div>\n\n\n\n<div class=\"wp-block-column is-layout-flow wp-block-column-is-layout-flow\">\n<figure class=\"wp-block-video\"><video controls src=\"https:\/\/www.dessign.fr\/kovalseb\/wp-content\/uploads\/2023\/02\/20218-3.mp4\"><\/video><figcaption class=\"wp-element-caption\">carnet 2018 3<\/figcaption><\/figure>\n<\/div>\n\n\n\n<div class=\"wp-block-column is-layout-flow wp-block-column-is-layout-flow\">\n<figure class=\"wp-block-video\"><video controls src=\"https:\/\/www.dessign.fr\/kovalseb\/wp-content\/uploads\/2023\/02\/2018-2.mp4\"><\/video><figcaption class=\"wp-element-caption\">carnet 2018 2<\/figcaption><\/figure>\n<\/div>\n<\/div>\n\n\n\n<div class=\"wp-block-columns is-layout-flex wp-container-core-columns-is-layout-6 wp-block-columns-is-layout-flex\">\n<div class=\"wp-block-column is-layout-flow wp-block-column-is-layout-flow\">\n<figure class=\"wp-block-video\"><video controls src=\"https:\/\/www.dessign.fr\/kovalseb\/wp-content\/uploads\/2023\/02\/2018-1.mp4\"><\/video><figcaption class=\"wp-element-caption\">carnet 2018 2<\/figcaption><\/figure>\n<\/div>\n\n\n\n<div class=\"wp-block-column is-layout-flow wp-block-column-is-layout-flow\">\n<figure class=\"wp-block-video\"><video controls src=\"https:\/\/www.dessign.fr\/kovalseb\/wp-content\/uploads\/2023\/02\/2018.mp4\"><\/video><figcaption class=\"wp-element-caption\">carnet 2018 1<\/figcaption><\/figure>\n<\/div>\n\n\n\n<div class=\"wp-block-column is-layout-flow wp-block-column-is-layout-flow\">\n<figure class=\"wp-block-video\"><video controls src=\"https:\/\/www.dessign.fr\/kovalseb\/wp-content\/uploads\/2023\/02\/2017.mp4\"><\/video><figcaption class=\"wp-element-caption\">carnet 2017<\/figcaption><\/figure>\n<\/div>\n<\/div>\n\n\n\n<div class=\"wp-block-columns is-layout-flex wp-container-core-columns-is-layout-7 wp-block-columns-is-layout-flex\">\n<div class=\"wp-block-column is-layout-flow wp-block-column-is-layout-flow\">\n<figure class=\"wp-block-video\"><video controls src=\"https:\/\/www.dessign.fr\/kovalseb\/wp-content\/uploads\/2023\/02\/2016.mp4\"><\/video><figcaption class=\"wp-element-caption\">carnet 2016<\/figcaption><\/figure>\n<\/div>\n\n\n\n<div class=\"wp-block-column is-layout-flow wp-block-column-is-layout-flow\">\n<figure class=\"wp-block-video\"><video controls src=\"https:\/\/www.dessign.fr\/kovalseb\/wp-content\/uploads\/2023\/02\/2015-2.mp4\"><\/video><figcaption class=\"wp-element-caption\">carnet 2015<\/figcaption><\/figure>\n<\/div>\n\n\n\n<div class=\"wp-block-column is-layout-flow wp-block-column-is-layout-flow\">\n<figure class=\"wp-block-video\"><video controls src=\"https:\/\/www.dessign.fr\/kovalseb\/wp-content\/uploads\/2023\/02\/2014-2015.mp4\"><\/video><figcaption class=\"wp-element-caption\">carnet 2014-2015<\/figcaption><\/figure>\n<\/div>\n<\/div>\n\n\n\n<script async src=\"https:\/\/pagead2.googlesyndication.com\/pagead\/js\/adsbygoogle.js?client=ca-pub-5395542268415979\" crossorigin=\"anonymous\"><\/script>\n","protected":false},"excerpt":{"rendered":"<p>Un sketchbook de fini 10 de retrouv\u00e9s !! visualisez ici toutes les cr\u00e9ations rapides, les essais, les id\u00e9es lach\u00e9es sur carnets&#8230;<\/p>\n","protected":false},"author":2,"featured_media":0,"parent":0,"menu_order":0,"comment_status":"closed","ping_status":"closed","template":"","meta":{"_exactmetrics_skip_tracking":false,"_exactmetrics_sitenote_active":false,"_exactmetrics_sitenote_note":"","_exactmetrics_sitenote_category":0,"footnotes":""},"aioseo_notices":[],"_links":{"self":[{"href":"https:\/\/www.dessign.fr\/kovalseb\/wp-json\/wp\/v2\/pages\/2213"}],"collection":[{"href":"https:\/\/www.dessign.fr\/kovalseb\/wp-json\/wp\/v2\/pages"}],"about":[{"href":"https:\/\/www.dessign.fr\/kovalseb\/wp-json\/wp\/v2\/types\/page"}],"author":[{"embeddable":true,"href":"https:\/\/www.dessign.fr\/kovalseb\/wp-json\/wp\/v2\/users\/2"}],"replies":[{"embeddable":true,"href":"https:\/\/www.dessign.fr\/kovalseb\/wp-json\/wp\/v2\/comments?post=2213"}],"version-history":[{"count":9,"href":"https:\/\/www.dessign.fr\/kovalseb\/wp-json\/wp\/v2\/pages\/2213\/revisions"}],"predecessor-version":[{"id":2797,"href":"https:\/\/www.dessign.fr\/kovalseb\/wp-json\/wp\/v2\/pages\/2213\/revisions\/2797"}],"wp:attachment":[{"href":"https:\/\/www.dessign.fr\/kovalseb\/wp-json\/wp\/v2\/media?parent=2213"}],"curies":[{"name":"wp","href":"https:\/\/api.w.org\/{rel}","templated":true}]}}