{"id":236,"date":"2020-05-27T15:35:34","date_gmt":"2020-05-27T13:35:34","guid":{"rendered":"http:\/\/dessign.fr\/kovalseb\/?page_id=236"},"modified":"2026-03-12T14:15:35","modified_gmt":"2026-03-12T13:15:35","slug":"judo","status":"publish","type":"page","link":"https:\/\/www.dessign.fr\/kovalseb\/judo\/","title":{"rendered":"Peinture acrylique de JUDO"},"content":{"rendered":"\n<blockquote class=\"wp-block-quote is-layout-flow wp-block-quote-is-layout-flow\">\n<p>On ne juge pas un homme au nombre de fois o\u00f9 il chute, mais au nombre de fois o\u00f9 il se rel\u00e8ve<\/p>\n<\/blockquote>\n\n\n\n<p>Jigoro KANO Shihan<\/p>\n\n\n\n<figure class=\"wp-block-gallery has-nested-images columns-default is-cropped wp-block-gallery-1 is-layout-flex wp-block-gallery-is-layout-flex\">\n<figure class=\"wp-block-image size-large\"><a href=\"https:\/\/www.dessign.fr\/kovalseb\/wp-content\/uploads\/2020\/05\/JUDOuchi-mata-3.jpg\"><img loading=\"lazy\" decoding=\"async\" width=\"791\" height=\"960\" data-id=\"255\" src=\"https:\/\/www.dessign.fr\/kovalseb\/wp-content\/uploads\/2020\/05\/JUDOuchi-mata-3.jpg\" alt=\"JUDO uchi-mata technique judoenlignes.com dessign dessin ARTBOOK KOVAL S\u00e9bastien artiste\" class=\"wp-image-255\" srcset=\"https:\/\/www.dessign.fr\/kovalseb\/wp-content\/uploads\/2020\/05\/JUDOuchi-mata-3.jpg 791w, https:\/\/www.dessign.fr\/kovalseb\/wp-content\/uploads\/2020\/05\/JUDOuchi-mata-3-247x300.jpg 247w, https:\/\/www.dessign.fr\/kovalseb\/wp-content\/uploads\/2020\/05\/JUDOuchi-mata-3-768x932.jpg 768w\" sizes=\"(max-width: 791px) 100vw, 791px\" \/><\/a><figcaption class=\"wp-element-caption\">uchi-mata toile 40&#215;30<\/figcaption><\/figure>\n\n\n\n<figure class=\"wp-block-image size-large\"><a href=\"https:\/\/www.dessign.fr\/kovalseb\/wp-content\/uploads\/2020\/05\/JUDOuranage2.jpg\"><img loading=\"lazy\" decoding=\"async\" width=\"660\" height=\"836\" data-id=\"242\" src=\"https:\/\/www.dessign.fr\/kovalseb\/wp-content\/uploads\/2020\/05\/JUDOuranage2.jpg\" alt=\"JUDO ura-nage technique judoenlignes.com dessign dessin ARTBOOK KOVAL S\u00e9bastien artiste\" class=\"wp-image-242\" srcset=\"https:\/\/www.dessign.fr\/kovalseb\/wp-content\/uploads\/2020\/05\/JUDOuranage2.jpg 660w, https:\/\/www.dessign.fr\/kovalseb\/wp-content\/uploads\/2020\/05\/JUDOuranage2-237x300.jpg 237w\" sizes=\"(max-width: 660px) 100vw, 660px\" \/><\/a><figcaption class=\"wp-element-caption\">ura-nage toile 24&#215;32<\/figcaption><\/figure>\n\n\n\n<figure class=\"wp-block-image size-large\"><a href=\"https:\/\/www.dessign.fr\/kovalseb\/wp-content\/uploads\/2020\/05\/JUDOmorote-2.jpg\"><img loading=\"lazy\" decoding=\"async\" width=\"714\" height=\"960\" data-id=\"261\" src=\"https:\/\/www.dessign.fr\/kovalseb\/wp-content\/uploads\/2020\/05\/JUDOmorote-2.jpg\" alt=\"JUDO morote technique judoenlignes.com dessign dessin ARTBOOK KOVAL S\u00e9bastien artiste\" class=\"wp-image-261\" srcset=\"https:\/\/www.dessign.fr\/kovalseb\/wp-content\/uploads\/2020\/05\/JUDOmorote-2.jpg 714w, https:\/\/www.dessign.fr\/kovalseb\/wp-content\/uploads\/2020\/05\/JUDOmorote-2-223x300.jpg 223w\" sizes=\"(max-width: 714px) 100vw, 714px\" \/><\/a><figcaption class=\"wp-element-caption\">morote toile 40&#215;30<\/figcaption><\/figure>\n\n\n\n<figure class=\"wp-block-image size-large\"><a href=\"https:\/\/www.dessign.fr\/kovalseb\/wp-content\/uploads\/2020\/05\/JUDOtai-otoshi.jpg\"><img loading=\"lazy\" decoding=\"async\" width=\"765\" height=\"960\" data-id=\"260\" src=\"https:\/\/www.dessign.fr\/kovalseb\/wp-content\/uploads\/2020\/05\/JUDOtai-otoshi.jpg\" alt=\"JUDO tai-otoshi technique judoenlignes.com dessign dessin ARTBOOK KOVAL S\u00e9bastien artiste\" class=\"wp-image-260\" srcset=\"https:\/\/www.dessign.fr\/kovalseb\/wp-content\/uploads\/2020\/05\/JUDOtai-otoshi.jpg 765w, https:\/\/www.dessign.fr\/kovalseb\/wp-content\/uploads\/2020\/05\/JUDOtai-otoshi-239x300.jpg 239w\" sizes=\"(max-width: 765px) 100vw, 765px\" \/><\/a><figcaption class=\"wp-element-caption\">tai-otoshi toile 40&#215;30<\/figcaption><\/figure>\n\n\n\n<figure class=\"wp-block-image size-large\"><a href=\"https:\/\/www.dessign.fr\/kovalseb\/wp-content\/uploads\/2020\/05\/JUDOharai-goshi-3.jpg\"><img loading=\"lazy\" decoding=\"async\" width=\"762\" height=\"960\" data-id=\"257\" src=\"https:\/\/www.dessign.fr\/kovalseb\/wp-content\/uploads\/2020\/05\/JUDOharai-goshi-3.jpg\" alt=\"JUDO harai-goshi technique judoenlignes.com dessign dessin ARTBOOK KOVAL S\u00e9bastien artiste\" class=\"wp-image-257\" srcset=\"https:\/\/www.dessign.fr\/kovalseb\/wp-content\/uploads\/2020\/05\/JUDOharai-goshi-3.jpg 762w, https:\/\/www.dessign.fr\/kovalseb\/wp-content\/uploads\/2020\/05\/JUDOharai-goshi-3-238x300.jpg 238w\" sizes=\"(max-width: 762px) 100vw, 762px\" \/><\/a><figcaption class=\"wp-element-caption\">harai-goshi toile 24&#215;32<\/figcaption><\/figure>\n\n\n\n<figure class=\"wp-block-image size-large\"><a href=\"https:\/\/www.dessign.fr\/kovalseb\/wp-content\/uploads\/2020\/05\/JUDOosotogari.jpg\"><img loading=\"lazy\" decoding=\"async\" width=\"960\" height=\"766\" data-id=\"256\" src=\"https:\/\/www.dessign.fr\/kovalseb\/wp-content\/uploads\/2020\/05\/JUDOosotogari.jpg\" alt=\"JUDO o-soto-gari technique judoenlignes.com dessign dessin ARTBOOK KOVAL S\u00e9bastien artiste\" class=\"wp-image-256\" srcset=\"https:\/\/www.dessign.fr\/kovalseb\/wp-content\/uploads\/2020\/05\/JUDOosotogari.jpg 960w, https:\/\/www.dessign.fr\/kovalseb\/wp-content\/uploads\/2020\/05\/JUDOosotogari-300x239.jpg 300w, https:\/\/www.dessign.fr\/kovalseb\/wp-content\/uploads\/2020\/05\/JUDOosotogari-768x613.jpg 768w\" sizes=\"(max-width: 960px) 100vw, 960px\" \/><\/a><figcaption class=\"wp-element-caption\">o-soto-gari toile 24&#215;32<\/figcaption><\/figure>\n\n\n\n<figure class=\"wp-block-image size-large\"><a href=\"https:\/\/www.dessign.fr\/kovalseb\/wp-content\/uploads\/2020\/05\/JUDOuchi-mata2.jpg\"><img loading=\"lazy\" decoding=\"async\" width=\"657\" height=\"960\" data-id=\"249\" src=\"https:\/\/www.dessign.fr\/kovalseb\/wp-content\/uploads\/2020\/05\/JUDOuchi-mata2.jpg\" alt=\"JUDO uchi-mata technique judoenlignes.com dessign dessin ARTBOOK KOVAL S\u00e9bastien artiste\" class=\"wp-image-249\" srcset=\"https:\/\/www.dessign.fr\/kovalseb\/wp-content\/uploads\/2020\/05\/JUDOuchi-mata2.jpg 657w, https:\/\/www.dessign.fr\/kovalseb\/wp-content\/uploads\/2020\/05\/JUDOuchi-mata2-205x300.jpg 205w\" sizes=\"(max-width: 657px) 100vw, 657px\" \/><\/a><figcaption class=\"wp-element-caption\">uchi-mata A3<\/figcaption><\/figure>\n\n\n\n<figure class=\"wp-block-image size-large\"><a href=\"https:\/\/www.dessign.fr\/kovalseb\/wp-content\/uploads\/2020\/05\/JUDOharai-goshi2.jpg\"><img loading=\"lazy\" decoding=\"async\" width=\"706\" height=\"960\" data-id=\"248\" src=\"https:\/\/www.dessign.fr\/kovalseb\/wp-content\/uploads\/2020\/05\/JUDOharai-goshi2.jpg\" alt=\"JUDO harai-goshi dessign dessin ARTBOOK KOVAL S\u00e9bastien artiste\" class=\"wp-image-248\" srcset=\"https:\/\/www.dessign.fr\/kovalseb\/wp-content\/uploads\/2020\/05\/JUDOharai-goshi2.jpg 706w, https:\/\/www.dessign.fr\/kovalseb\/wp-content\/uploads\/2020\/05\/JUDOharai-goshi2-221x300.jpg 221w\" sizes=\"(max-width: 706px) 100vw, 706px\" \/><\/a><figcaption class=\"wp-element-caption\">tai-otoshi toile 40&#215;30<\/figcaption><\/figure>\n\n\n\n<figure class=\"wp-block-image size-large\"><a href=\"https:\/\/www.dessign.fr\/kovalseb\/wp-content\/uploads\/2020\/05\/JUDOteguruma.jpg\"><img loading=\"lazy\" decoding=\"async\" width=\"674\" height=\"960\" data-id=\"247\" src=\"https:\/\/www.dessign.fr\/kovalseb\/wp-content\/uploads\/2020\/05\/JUDOteguruma.jpg\" alt=\"JUDO te-guruma dessign dessin ARTBOOK KOVAL S\u00e9bastien artiste\" class=\"wp-image-247\" srcset=\"https:\/\/www.dessign.fr\/kovalseb\/wp-content\/uploads\/2020\/05\/JUDOteguruma.jpg 674w, https:\/\/www.dessign.fr\/kovalseb\/wp-content\/uploads\/2020\/05\/JUDOteguruma-211x300.jpg 211w\" sizes=\"(max-width: 674px) 100vw, 674px\" \/><\/a><figcaption class=\"wp-element-caption\">Te-guruma A3<\/figcaption><\/figure>\n\n\n\n<figure class=\"wp-block-image size-large\"><a href=\"https:\/\/www.dessign.fr\/kovalseb\/wp-content\/uploads\/2020\/05\/JUDOuchimata.jpg\"><img loading=\"lazy\" decoding=\"async\" width=\"716\" height=\"960\" data-id=\"246\" src=\"https:\/\/www.dessign.fr\/kovalseb\/wp-content\/uploads\/2020\/05\/JUDOuchimata.jpg\" alt=\"JUDO uchi mata dessign dessin ARTBOOK KOVAL S\u00e9bastien artiste\" class=\"wp-image-246\" srcset=\"https:\/\/www.dessign.fr\/kovalseb\/wp-content\/uploads\/2020\/05\/JUDOuchimata.jpg 716w, https:\/\/www.dessign.fr\/kovalseb\/wp-content\/uploads\/2020\/05\/JUDOuchimata-224x300.jpg 224w\" sizes=\"(max-width: 716px) 100vw, 716px\" \/><\/a><figcaption class=\"wp-element-caption\">uchi-mata toile 24&#215;32<\/figcaption><\/figure>\n\n\n\n<figure class=\"wp-block-image size-large\"><a href=\"https:\/\/www.dessign.fr\/kovalseb\/wp-content\/uploads\/2020\/05\/JUDOkime.jpg\"><img loading=\"lazy\" decoding=\"async\" width=\"806\" height=\"648\" data-id=\"245\" src=\"https:\/\/www.dessign.fr\/kovalseb\/wp-content\/uploads\/2020\/05\/JUDOkime.jpg\" alt=\"JUDO ura nage dessign dessin ARTBOOK KOVAL S\u00e9bastien artiste\" class=\"wp-image-245\" srcset=\"https:\/\/www.dessign.fr\/kovalseb\/wp-content\/uploads\/2020\/05\/JUDOkime.jpg 806w, https:\/\/www.dessign.fr\/kovalseb\/wp-content\/uploads\/2020\/05\/JUDOkime-300x241.jpg 300w, https:\/\/www.dessign.fr\/kovalseb\/wp-content\/uploads\/2020\/05\/JUDOkime-768x617.jpg 768w\" sizes=\"(max-width: 806px) 100vw, 806px\" \/><\/a><figcaption class=\"wp-element-caption\">ura-nage toile 24&#215;32<\/figcaption><\/figure>\n\n\n\n<figure class=\"wp-block-image size-large\"><a href=\"https:\/\/www.dessign.fr\/kovalseb\/wp-content\/uploads\/2020\/05\/JUDOuranage.jpg\"><img loading=\"lazy\" decoding=\"async\" width=\"960\" height=\"720\" data-id=\"241\" src=\"https:\/\/www.dessign.fr\/kovalseb\/wp-content\/uploads\/2020\/05\/JUDOuranage.jpg\" alt=\"JUDO ura nage technique judoenlignes.com dessign dessin ARTBOOK KOVAL S\u00e9bastien artiste\" class=\"wp-image-241\" srcset=\"https:\/\/www.dessign.fr\/kovalseb\/wp-content\/uploads\/2020\/05\/JUDOuranage.jpg 960w, https:\/\/www.dessign.fr\/kovalseb\/wp-content\/uploads\/2020\/05\/JUDOuranage-300x225.jpg 300w, https:\/\/www.dessign.fr\/kovalseb\/wp-content\/uploads\/2020\/05\/JUDOuranage-768x576.jpg 768w\" sizes=\"(max-width: 960px) 100vw, 960px\" \/><\/a><figcaption class=\"wp-element-caption\">ura-nage toile 40&#215;30<\/figcaption><\/figure>\n\n\n\n<figure class=\"wp-block-image size-large\"><a href=\"https:\/\/www.dessign.fr\/kovalseb\/wp-content\/uploads\/2020\/05\/JUDOharai-goshi.jpg\"><img loading=\"lazy\" decoding=\"async\" width=\"769\" height=\"960\" data-id=\"239\" src=\"https:\/\/www.dessign.fr\/kovalseb\/wp-content\/uploads\/2020\/05\/JUDOharai-goshi.jpg\" alt=\"JUDO harai-goshi dessign dessin ARTBOOK KOVAL S\u00e9bastien artiste\" class=\"wp-image-239\" srcset=\"https:\/\/www.dessign.fr\/kovalseb\/wp-content\/uploads\/2020\/05\/JUDOharai-goshi.jpg 769w, https:\/\/www.dessign.fr\/kovalseb\/wp-content\/uploads\/2020\/05\/JUDOharai-goshi-240x300.jpg 240w\" sizes=\"(max-width: 769px) 100vw, 769px\" \/><\/a><figcaption class=\"wp-element-caption\">harai-goshi toile 120&#215;100<\/figcaption><\/figure>\n\n\n\n<figure class=\"wp-block-image size-large\"><a href=\"https:\/\/www.dessign.fr\/kovalseb\/wp-content\/uploads\/2020\/05\/JigoroKANOshihanSeiza.jpg\"><img loading=\"lazy\" decoding=\"async\" width=\"665\" height=\"960\" data-id=\"238\" src=\"https:\/\/www.dessign.fr\/kovalseb\/wp-content\/uploads\/2020\/05\/JigoroKANOshihanSeiza.jpg\" alt=\"Jigoro KANO shihan Seiza technique judoenlignes.com dessign dessin ARTBOOK KOVAL S\u00e9bastien artiste\" class=\"wp-image-238\" srcset=\"https:\/\/www.dessign.fr\/kovalseb\/wp-content\/uploads\/2020\/05\/JigoroKANOshihanSeiza.jpg 665w, https:\/\/www.dessign.fr\/kovalseb\/wp-content\/uploads\/2020\/05\/JigoroKANOshihanSeiza-208x300.jpg 208w\" sizes=\"(max-width: 665px) 100vw, 665px\" \/><\/a><figcaption class=\"wp-element-caption\">JigoroKANO A4<\/figcaption><\/figure>\n\n\n\n<figure class=\"wp-block-image size-large\"><a href=\"https:\/\/www.dessign.fr\/kovalseb\/wp-content\/uploads\/2020\/05\/JigoroKANOshihan.jpg\"><img loading=\"lazy\" decoding=\"async\" width=\"768\" height=\"1024\" data-id=\"199\" src=\"https:\/\/www.dessign.fr\/kovalseb\/wp-content\/uploads\/2020\/05\/JigoroKANOshihan-768x1024.jpg\" alt=\"Jigoro KANO shihan technique judoenlignes.com dessign dessin ARTBOOK KOVAL S\u00e9bastien artiste\" class=\"wp-image-199\" srcset=\"https:\/\/www.dessign.fr\/kovalseb\/wp-content\/uploads\/2020\/05\/JigoroKANOshihan-768x1024.jpg 768w, https:\/\/www.dessign.fr\/kovalseb\/wp-content\/uploads\/2020\/05\/JigoroKANOshihan-225x300.jpg 225w, https:\/\/www.dessign.fr\/kovalseb\/wp-content\/uploads\/2020\/05\/JigoroKANOshihan-1152x1536.jpg 1152w, https:\/\/www.dessign.fr\/kovalseb\/wp-content\/uploads\/2020\/05\/JigoroKANOshihan.jpg 1425w\" sizes=\"(max-width: 768px) 100vw, 768px\" \/><\/a><figcaption class=\"wp-element-caption\">Jigorokano A5<\/figcaption><\/figure>\n\n\n\n<figure class=\"wp-block-image size-large\"><a href=\"https:\/\/www.dessign.fr\/kovalseb\/wp-content\/uploads\/2020\/05\/JUDO-KAWASHI.jpg\"><img loading=\"lazy\" decoding=\"async\" width=\"677\" height=\"960\" data-id=\"262\" src=\"https:\/\/www.dessign.fr\/kovalseb\/wp-content\/uploads\/2020\/05\/JUDO-KAWASHI.jpg\" alt=\"KAWAISHI SENSEI technique judoenlignes.com dessign dessin ARTBOOK KOVAL S\u00e9bastien artiste\" class=\"wp-image-262\" srcset=\"https:\/\/www.dessign.fr\/kovalseb\/wp-content\/uploads\/2020\/05\/JUDO-KAWASHI.jpg 677w, https:\/\/www.dessign.fr\/kovalseb\/wp-content\/uploads\/2020\/05\/JUDO-KAWASHI-212x300.jpg 212w\" sizes=\"(max-width: 677px) 100vw, 677px\" \/><\/a><figcaption class=\"wp-element-caption\">KAWAISHI A4<\/figcaption><\/figure>\n<\/figure>\n\n\n\n<p class=\"has-text-align-center\">30 ans sur les tatamis, une passion, un art de vivre, une culture Judo encr\u00e9e dans ma vie, fondateur du site <a href=\"http:\/\/www.judoenlignes.com\" target=\"_blank\" rel=\"noopener\" title=\"judoenlignes.com\">judoenlignes.com<\/a> qui explique en croquis anim\u00e9s toutes les techniques de cet art martial, je propose \u00e9galement des dessins et peintures JUDO sur commande<\/p>\n\n\n\n<figure class=\"wp-block-gallery has-nested-images columns-default is-cropped wp-block-gallery-2 is-layout-flex wp-block-gallery-is-layout-flex\">\n<figure class=\"wp-block-image size-large\"><a href=\"https:\/\/www.dessign.fr\/kovalseb\/wp-content\/uploads\/2022\/11\/judo-uchi-mata-dessign-ARTBOOK-KOVAL-S\u00e9bastien.jpg\"><img loading=\"lazy\" decoding=\"async\" width=\"528\" height=\"813\" data-id=\"1317\" src=\"https:\/\/www.dessign.fr\/kovalseb\/wp-content\/uploads\/2022\/11\/judo-uchi-mata-dessign-ARTBOOK-KOVAL-S\u00e9bastien.jpg\" alt=\"judo uchi-mata technique judoenlignes.com dessign.fr dessin ARTBOOK KOVAL S\u00e9bastien\" class=\"wp-image-1317\" srcset=\"https:\/\/www.dessign.fr\/kovalseb\/wp-content\/uploads\/2022\/11\/judo-uchi-mata-dessign-ARTBOOK-KOVAL-S\u00e9bastien.jpg 528w, https:\/\/www.dessign.fr\/kovalseb\/wp-content\/uploads\/2022\/11\/judo-uchi-mata-dessign-ARTBOOK-KOVAL-S\u00e9bastien-195x300.jpg 195w\" sizes=\"(max-width: 528px) 100vw, 528px\" \/><\/a><figcaption class=\"wp-element-caption\">uchi-mata ink A5<\/figcaption><\/figure>\n\n\n\n<figure class=\"wp-block-image size-large\"><a href=\"https:\/\/www.dessign.fr\/kovalseb\/wp-content\/uploads\/2022\/09\/Morote-seoi-nage-judo-dessign-ARTBOOK-KOVAL-S\u00e9bastien.jpg\"><img loading=\"lazy\" decoding=\"async\" width=\"541\" height=\"819\" data-id=\"1282\" src=\"https:\/\/www.dessign.fr\/kovalseb\/wp-content\/uploads\/2022\/09\/Morote-seoi-nage-judo-dessign-ARTBOOK-KOVAL-S\u00e9bastien.jpg\" alt=\"Morote seoi nage judo technique judoenlignes.com dessign.fr dessin ARTBOOK KOVAL S\u00e9bastien\" class=\"wp-image-1282\" srcset=\"https:\/\/www.dessign.fr\/kovalseb\/wp-content\/uploads\/2022\/09\/Morote-seoi-nage-judo-dessign-ARTBOOK-KOVAL-S\u00e9bastien.jpg 541w, https:\/\/www.dessign.fr\/kovalseb\/wp-content\/uploads\/2022\/09\/Morote-seoi-nage-judo-dessign-ARTBOOK-KOVAL-S\u00e9bastien-198x300.jpg 198w\" sizes=\"(max-width: 541px) 100vw, 541px\" \/><\/a><figcaption class=\"wp-element-caption\">morote A5<\/figcaption><\/figure>\n\n\n\n<figure class=\"wp-block-image size-large\"><a href=\"https:\/\/www.dessign.fr\/kovalseb\/wp-content\/uploads\/2022\/06\/JUDOseoiNAGE-scaled.jpg\"><img loading=\"lazy\" decoding=\"async\" width=\"789\" height=\"1024\" data-id=\"1243\" src=\"https:\/\/www.dessign.fr\/kovalseb\/wp-content\/uploads\/2022\/06\/JUDOseoiNAGE-789x1024.jpg\" alt=\"JUDO seoi nage technique judoenlignes.com dessign.fr dessin ARTBOOK KOVAL S\u00e9bastien\" class=\"wp-image-1243\" srcset=\"https:\/\/www.dessign.fr\/kovalseb\/wp-content\/uploads\/2022\/06\/JUDOseoiNAGE-789x1024.jpg 789w, https:\/\/www.dessign.fr\/kovalseb\/wp-content\/uploads\/2022\/06\/JUDOseoiNAGE-231x300.jpg 231w, https:\/\/www.dessign.fr\/kovalseb\/wp-content\/uploads\/2022\/06\/JUDOseoiNAGE-768x997.jpg 768w, https:\/\/www.dessign.fr\/kovalseb\/wp-content\/uploads\/2022\/06\/JUDOseoiNAGE-1184x1536.jpg 1184w, https:\/\/www.dessign.fr\/kovalseb\/wp-content\/uploads\/2022\/06\/JUDOseoiNAGE-1578x2048.jpg 1578w, https:\/\/www.dessign.fr\/kovalseb\/wp-content\/uploads\/2022\/06\/JUDOseoiNAGE-scaled.jpg 1973w\" sizes=\"(max-width: 789px) 100vw, 789px\" \/><\/a><figcaption class=\"wp-element-caption\">seoi nage toile 80&#215;60<\/figcaption><\/figure>\n\n\n\n<figure class=\"wp-block-image size-large\"><a href=\"https:\/\/www.dessign.fr\/kovalseb\/wp-content\/uploads\/2020\/06\/judo-carricature-judoka.jpg\"><img loading=\"lazy\" decoding=\"async\" width=\"1024\" height=\"781\" data-id=\"639\" src=\"https:\/\/www.dessign.fr\/kovalseb\/wp-content\/uploads\/2020\/06\/judo-carricature-judoka-1024x781.jpg\" alt=\"judo caricature judoka portraits dessign.fr dessin ARTBOOK KOVAL S\u00e9bastien\" class=\"wp-image-639\" srcset=\"https:\/\/www.dessign.fr\/kovalseb\/wp-content\/uploads\/2020\/06\/judo-carricature-judoka-1024x781.jpg 1024w, https:\/\/www.dessign.fr\/kovalseb\/wp-content\/uploads\/2020\/06\/judo-carricature-judoka-300x229.jpg 300w, https:\/\/www.dessign.fr\/kovalseb\/wp-content\/uploads\/2020\/06\/judo-carricature-judoka-768x585.jpg 768w, https:\/\/www.dessign.fr\/kovalseb\/wp-content\/uploads\/2020\/06\/judo-carricature-judoka-1536x1171.jpg 1536w, https:\/\/www.dessign.fr\/kovalseb\/wp-content\/uploads\/2020\/06\/judo-carricature-judoka.jpg 1590w\" sizes=\"(max-width: 1024px) 100vw, 1024px\" \/><\/a><figcaption class=\"wp-element-caption\">caricatures A5<\/figcaption><\/figure>\n\n\n\n<figure class=\"wp-block-image size-large\"><a href=\"https:\/\/www.dessign.fr\/kovalseb\/wp-content\/uploads\/2021\/09\/ippon-ko-uchi-gari-judo-ARTBOOK-KOVAL-Sebastien.jpg\"><img loading=\"lazy\" decoding=\"async\" width=\"1024\" height=\"929\" data-id=\"1034\" src=\"https:\/\/www.dessign.fr\/kovalseb\/wp-content\/uploads\/2021\/09\/ippon-ko-uchi-gari-judo-ARTBOOK-KOVAL-Sebastien-1024x929.jpg\" alt=\"ippon ko uchi gari judo technique judoenlignes.com dessign.fr dessin ARTBOOK KOVAL S\u00e9bastien\" class=\"wp-image-1034\" srcset=\"https:\/\/www.dessign.fr\/kovalseb\/wp-content\/uploads\/2021\/09\/ippon-ko-uchi-gari-judo-ARTBOOK-KOVAL-Sebastien-1024x929.jpg 1024w, https:\/\/www.dessign.fr\/kovalseb\/wp-content\/uploads\/2021\/09\/ippon-ko-uchi-gari-judo-ARTBOOK-KOVAL-Sebastien-300x272.jpg 300w, https:\/\/www.dessign.fr\/kovalseb\/wp-content\/uploads\/2021\/09\/ippon-ko-uchi-gari-judo-ARTBOOK-KOVAL-Sebastien-768x697.jpg 768w, https:\/\/www.dessign.fr\/kovalseb\/wp-content\/uploads\/2021\/09\/ippon-ko-uchi-gari-judo-ARTBOOK-KOVAL-Sebastien.jpg 1440w\" sizes=\"(max-width: 1024px) 100vw, 1024px\" \/><\/a><figcaption class=\"wp-element-caption\">seoi A5<\/figcaption><\/figure>\n\n\n\n<figure class=\"wp-block-image size-large\"><a href=\"https:\/\/www.dessign.fr\/kovalseb\/wp-content\/uploads\/2020\/05\/JUDOmorote.jpg\"><img loading=\"lazy\" decoding=\"async\" width=\"599\" height=\"813\" data-id=\"243\" src=\"https:\/\/www.dessign.fr\/kovalseb\/wp-content\/uploads\/2020\/05\/JUDOmorote.jpg\" alt=\"JUDO morote seoi nage dessign dessin ARTBOOK KOVAL S\u00e9bastien artiste\" class=\"wp-image-243\" srcset=\"https:\/\/www.dessign.fr\/kovalseb\/wp-content\/uploads\/2020\/05\/JUDOmorote.jpg 599w, https:\/\/www.dessign.fr\/kovalseb\/wp-content\/uploads\/2020\/05\/JUDOmorote-221x300.jpg 221w\" sizes=\"(max-width: 599px) 100vw, 599px\" \/><\/a><figcaption class=\"wp-element-caption\">morote A4<\/figcaption><\/figure>\n\n\n\n<figure class=\"wp-block-image size-full\"><a href=\"https:\/\/www.dessign.fr\/kovalseb\/wp-content\/uploads\/2020\/05\/JUDOmain.jpg\"><img loading=\"lazy\" decoding=\"async\" width=\"720\" height=\"960\" data-id=\"253\" src=\"https:\/\/www.dessign.fr\/kovalseb\/wp-content\/uploads\/2020\/05\/JUDOmain.jpg\" alt=\"judogi saisie technique judoenlignes.com dessign dessin ARTBOOK KOVAL S\u00e9bastien artiste\" class=\"wp-image-253\" srcset=\"https:\/\/www.dessign.fr\/kovalseb\/wp-content\/uploads\/2020\/05\/JUDOmain.jpg 720w, https:\/\/www.dessign.fr\/kovalseb\/wp-content\/uploads\/2020\/05\/JUDOmain-225x300.jpg 225w\" sizes=\"(max-width: 720px) 100vw, 720px\" \/><\/a><figcaption class=\"wp-element-caption\">kumikata A4<\/figcaption><\/figure>\n\n\n\n<figure class=\"wp-block-image size-large\"><a href=\"https:\/\/www.dessign.fr\/kovalseb\/wp-content\/uploads\/2020\/05\/JUDOcl\u00e9.jpg\"><img loading=\"lazy\" decoding=\"async\" width=\"921\" height=\"615\" data-id=\"240\" src=\"https:\/\/www.dessign.fr\/kovalseb\/wp-content\/uploads\/2020\/05\/JUDOcl\u00e9.jpg\" alt=\"judo armlock dessign dessin ARTBOOK KOVAL S\u00e9bastien artiste\" class=\"wp-image-240\" srcset=\"https:\/\/www.dessign.fr\/kovalseb\/wp-content\/uploads\/2020\/05\/JUDOcl\u00e9.jpg 921w, https:\/\/www.dessign.fr\/kovalseb\/wp-content\/uploads\/2020\/05\/JUDOcl\u00e9-300x200.jpg 300w, https:\/\/www.dessign.fr\/kovalseb\/wp-content\/uploads\/2020\/05\/JUDOcl\u00e9-768x513.jpg 768w\" sizes=\"(max-width: 921px) 100vw, 921px\" \/><\/a><figcaption class=\"wp-element-caption\">kansetsu waza A5<\/figcaption><\/figure>\n<\/figure>\n\n\n\n<figure class=\"wp-block-video\"><video autoplay controls loop src=\"https:\/\/www.dessign.fr\/kovalseb\/wp-content\/uploads\/2020\/05\/PAGE-FB_video5.mp4\"><\/video><\/figure>\n\n\n\n<pre class=\"wp-block-code\"><code>&lt;script async src=\"https:\/\/pagead2.googlesyndication.com\/pagead\/js\/adsbygoogle.js?client=ca-pub-5395542268415979\"\n     crossorigin=\"anonymous\"&gt;&lt;\/script&gt;\n<\/code><\/pre>\n","protected":false},"excerpt":{"rendered":"<p>On ne juge pas un homme au nombre de fois o\u00f9 il chute, mais au nombre de fois o\u00f9 il se rel\u00e8ve Jigoro KANO Shihan 30 ans sur les tatamis, une passion, un art de vivre, une culture Judo encr\u00e9e dans ma vie, fondateur du site judoenlignes.com qui explique en croquis anim\u00e9s toutes les techniques<\/p>\n<div><a class=\"btn-filled btn\" href=\"https:\/\/www.dessign.fr\/kovalseb\/judo\/\" title=\"Peinture acrylique de JUDO\">Lire la suite<\/a><\/div>\n","protected":false},"author":2,"featured_media":249,"parent":0,"menu_order":0,"comment_status":"closed","ping_status":"closed","template":"","meta":{"_exactmetrics_skip_tracking":false,"_exactmetrics_sitenote_active":false,"_exactmetrics_sitenote_note":"","_exactmetrics_sitenote_category":0,"footnotes":""},"aioseo_notices":[],"_links":{"self":[{"href":"https:\/\/www.dessign.fr\/kovalseb\/wp-json\/wp\/v2\/pages\/236"}],"collection":[{"href":"https:\/\/www.dessign.fr\/kovalseb\/wp-json\/wp\/v2\/pages"}],"about":[{"href":"https:\/\/www.dessign.fr\/kovalseb\/wp-json\/wp\/v2\/types\/page"}],"author":[{"embeddable":true,"href":"https:\/\/www.dessign.fr\/kovalseb\/wp-json\/wp\/v2\/users\/2"}],"replies":[{"embeddable":true,"href":"https:\/\/www.dessign.fr\/kovalseb\/wp-json\/wp\/v2\/comments?post=236"}],"version-history":[{"count":32,"href":"https:\/\/www.dessign.fr\/kovalseb\/wp-json\/wp\/v2\/pages\/236\/revisions"}],"predecessor-version":[{"id":2788,"href":"https:\/\/www.dessign.fr\/kovalseb\/wp-json\/wp\/v2\/pages\/236\/revisions\/2788"}],"wp:featuredmedia":[{"embeddable":true,"href":"https:\/\/www.dessign.fr\/kovalseb\/wp-json\/wp\/v2\/media\/249"}],"wp:attachment":[{"href":"https:\/\/www.dessign.fr\/kovalseb\/wp-json\/wp\/v2\/media?parent=236"}],"curies":[{"name":"wp","href":"https:\/\/api.w.org\/{rel}","templated":true}]}}