{"id":25,"date":"2020-05-26T14:53:49","date_gmt":"2020-05-26T12:53:49","guid":{"rendered":"http:\/\/dessign.fr\/kovalseb\/?page_id=25"},"modified":"2023-02-07T14:12:07","modified_gmt":"2023-02-07T13:12:07","slug":"dessin","status":"publish","type":"page","link":"https:\/\/www.dessign.fr\/kovalseb\/dessin\/","title":{"rendered":"Dessin"},"content":{"rendered":"\n<blockquote class=\"wp-block-quote is-layout-flow wp-block-quote-is-layout-flow\">\n<p>Toutes les r\u00e9alisations class\u00e9es ici par th\u00e8mes<\/p>\n<\/blockquote>\n\n\n\n<figure class=\"wp-block-gallery has-nested-images columns-default is-cropped wp-block-gallery-1 is-layout-flex wp-block-gallery-is-layout-flex\">\n<figure class=\"wp-block-image size-large\"><a href=\"https:\/\/www.dessign.fr\/kovalseb\/sketchbook\/\"><img loading=\"lazy\" decoding=\"async\" width=\"625\" height=\"1024\" data-id=\"1356\" src=\"https:\/\/www.dessign.fr\/kovalseb\/wp-content\/uploads\/2022\/12\/hip-hop-NIKE-danse-dessign-ARTBOOK-KOVAL-S\u00e9bastien-625x1024.jpg\" alt=\"hip hop NIKE danse dessign.fr dessin ARTBOOK KOVAL S\u00e9bastien\" class=\"wp-image-1356\" srcset=\"https:\/\/www.dessign.fr\/kovalseb\/wp-content\/uploads\/2022\/12\/hip-hop-NIKE-danse-dessign-ARTBOOK-KOVAL-S\u00e9bastien-625x1024.jpg 625w, https:\/\/www.dessign.fr\/kovalseb\/wp-content\/uploads\/2022\/12\/hip-hop-NIKE-danse-dessign-ARTBOOK-KOVAL-S\u00e9bastien-183x300.jpg 183w, https:\/\/www.dessign.fr\/kovalseb\/wp-content\/uploads\/2022\/12\/hip-hop-NIKE-danse-dessign-ARTBOOK-KOVAL-S\u00e9bastien-768x1258.jpg 768w, https:\/\/www.dessign.fr\/kovalseb\/wp-content\/uploads\/2022\/12\/hip-hop-NIKE-danse-dessign-ARTBOOK-KOVAL-S\u00e9bastien-938x1536.jpg 938w, https:\/\/www.dessign.fr\/kovalseb\/wp-content\/uploads\/2022\/12\/hip-hop-NIKE-danse-dessign-ARTBOOK-KOVAL-S\u00e9bastien.jpg 1114w\" sizes=\"(max-width: 625px) 100vw, 625px\" \/><\/a><figcaption class=\"wp-element-caption\">hip hop danse <\/figcaption><\/figure>\n\n\n\n<figure class=\"wp-block-image size-large\"><a href=\"https:\/\/www.dessign.fr\/kovalseb\/358-2\/\"><img loading=\"lazy\" decoding=\"async\" width=\"654\" height=\"1024\" data-id=\"1266\" src=\"https:\/\/www.dessign.fr\/kovalseb\/wp-content\/uploads\/2022\/08\/le-penseur-sur-rondin-pompiers-fatigu\u00e9s-dessign-ARTBOOK-KOVAL-S\u00e9bastien-654x1024.jpg\" alt=\"pompier penseur de rodin dessign.fr dessin ARTBOOK KOVAL S\u00e9bastien\" class=\"wp-image-1266\" srcset=\"https:\/\/www.dessign.fr\/kovalseb\/wp-content\/uploads\/2022\/08\/le-penseur-sur-rondin-pompiers-fatigu\u00e9s-dessign-ARTBOOK-KOVAL-S\u00e9bastien-654x1024.jpg 654w, https:\/\/www.dessign.fr\/kovalseb\/wp-content\/uploads\/2022\/08\/le-penseur-sur-rondin-pompiers-fatigu\u00e9s-dessign-ARTBOOK-KOVAL-S\u00e9bastien-192x300.jpg 192w, https:\/\/www.dessign.fr\/kovalseb\/wp-content\/uploads\/2022\/08\/le-penseur-sur-rondin-pompiers-fatigu\u00e9s-dessign-ARTBOOK-KOVAL-S\u00e9bastien-768x1202.jpg 768w, https:\/\/www.dessign.fr\/kovalseb\/wp-content\/uploads\/2022\/08\/le-penseur-sur-rondin-pompiers-fatigu\u00e9s-dessign-ARTBOOK-KOVAL-S\u00e9bastien-981x1536.jpg 981w, https:\/\/www.dessign.fr\/kovalseb\/wp-content\/uploads\/2022\/08\/le-penseur-sur-rondin-pompiers-fatigu\u00e9s-dessign-ARTBOOK-KOVAL-S\u00e9bastien.jpg 1015w\" sizes=\"(max-width: 654px) 100vw, 654px\" \/><\/a><figcaption class=\"wp-element-caption\">le penseur sur rondin<\/figcaption><\/figure>\n\n\n\n<figure class=\"wp-block-image size-large\"><a href=\"https:\/\/www.dessign.fr\/kovalseb\/ink\/\"><img loading=\"lazy\" decoding=\"async\" width=\"784\" height=\"1024\" data-id=\"202\" src=\"https:\/\/www.dessign.fr\/kovalseb\/wp-content\/uploads\/2020\/05\/penseeInk-784x1024.jpg\" alt=\"pensee encre rouge visage dessign dessin ARTBOOK KOVAL S\u00e9bastien artiste\" class=\"wp-image-202\" srcset=\"https:\/\/www.dessign.fr\/kovalseb\/wp-content\/uploads\/2020\/05\/penseeInk-784x1024.jpg 784w, https:\/\/www.dessign.fr\/kovalseb\/wp-content\/uploads\/2020\/05\/penseeInk-230x300.jpg 230w, https:\/\/www.dessign.fr\/kovalseb\/wp-content\/uploads\/2020\/05\/penseeInk-768x1003.jpg 768w, https:\/\/www.dessign.fr\/kovalseb\/wp-content\/uploads\/2020\/05\/penseeInk-1176x1536.jpg 1176w, https:\/\/www.dessign.fr\/kovalseb\/wp-content\/uploads\/2020\/05\/penseeInk.jpg 1455w\" sizes=\"(max-width: 784px) 100vw, 784px\" \/><\/a><figcaption class=\"wp-element-caption\">visage encr\u00e9e<\/figcaption><\/figure>\n\n\n\n<figure class=\"wp-block-image size-large\"><a href=\"https:\/\/www.dessign.fr\/kovalseb\/fight\/\"><img loading=\"lazy\" decoding=\"async\" width=\"505\" height=\"729\" data-id=\"1311\" src=\"https:\/\/www.dessign.fr\/kovalseb\/wp-content\/uploads\/2022\/11\/Samurai-dessign-ARTBOOK-KOVAL-S\u00e9bastien.jpg\" alt=\"Samurai moineau dessign.fr dessin ARTBOOK KOVAL S\u00e9bastien\" class=\"wp-image-1311\" srcset=\"https:\/\/www.dessign.fr\/kovalseb\/wp-content\/uploads\/2022\/11\/Samurai-dessign-ARTBOOK-KOVAL-S\u00e9bastien.jpg 505w, https:\/\/www.dessign.fr\/kovalseb\/wp-content\/uploads\/2022\/11\/Samurai-dessign-ARTBOOK-KOVAL-S\u00e9bastien-208x300.jpg 208w\" sizes=\"(max-width: 505px) 100vw, 505px\" \/><\/a><figcaption class=\"wp-element-caption\">Samurai au moineau japonais<\/figcaption><\/figure>\n\n\n\n<figure class=\"wp-block-image size-large\"><a href=\"https:\/\/www.dessign.fr\/kovalseb\/mandala\/\"><img loading=\"lazy\" decoding=\"async\" width=\"654\" height=\"909\" data-id=\"175\" src=\"https:\/\/www.dessign.fr\/kovalseb\/wp-content\/uploads\/2020\/05\/2mandalaKOVAL.jpg\" alt=\"mandala fleurs dessign dessin ARTBOOK KOVAL S\u00e9bastien artiste\" class=\"wp-image-175\" srcset=\"https:\/\/www.dessign.fr\/kovalseb\/wp-content\/uploads\/2020\/05\/2mandalaKOVAL.jpg 654w, https:\/\/www.dessign.fr\/kovalseb\/wp-content\/uploads\/2020\/05\/2mandalaKOVAL-216x300.jpg 216w\" sizes=\"(max-width: 654px) 100vw, 654px\" \/><\/a><figcaption class=\"wp-element-caption\">Mandala floral<\/figcaption><\/figure>\n\n\n\n<figure class=\"wp-block-image size-large\"><a href=\"https:\/\/www.dessign.fr\/kovalseb\/mini\/\"><img loading=\"lazy\" decoding=\"async\" width=\"714\" height=\"960\" data-id=\"422\" src=\"https:\/\/www.dessign.fr\/kovalseb\/wp-content\/uploads\/2020\/06\/minimotocross.jpg\" alt=\"mini moto cross dessign.fr dessin ARTBOOK KOVAL S\u00e9bastien\" class=\"wp-image-422\" srcset=\"https:\/\/www.dessign.fr\/kovalseb\/wp-content\/uploads\/2020\/06\/minimotocross.jpg 714w, https:\/\/www.dessign.fr\/kovalseb\/wp-content\/uploads\/2020\/06\/minimotocross-223x300.jpg 223w\" sizes=\"(max-width: 714px) 100vw, 714px\" \/><\/a><figcaption class=\"wp-element-caption\">Motocross miniature<\/figcaption><\/figure>\n\n\n\n<figure class=\"wp-block-image size-large\"><a href=\"https:\/\/www.dessign.fr\/kovalseb\/meca\/\"><img loading=\"lazy\" decoding=\"async\" width=\"614\" height=\"880\" data-id=\"1322\" src=\"https:\/\/www.dessign.fr\/kovalseb\/wp-content\/uploads\/2022\/11\/porsche-dessign-ARTBOOK-KOVAL-S\u00e9bastien.jpg\" alt=\"porsche 911 dessign.fr dessin ARTBOOK KOVAL S\u00e9bastien\" class=\"wp-image-1322\" srcset=\"https:\/\/www.dessign.fr\/kovalseb\/wp-content\/uploads\/2022\/11\/porsche-dessign-ARTBOOK-KOVAL-S\u00e9bastien.jpg 614w, https:\/\/www.dessign.fr\/kovalseb\/wp-content\/uploads\/2022\/11\/porsche-dessign-ARTBOOK-KOVAL-S\u00e9bastien-209x300.jpg 209w\" sizes=\"(max-width: 614px) 100vw, 614px\" \/><\/a><figcaption class=\"wp-element-caption\">Porsche style retro<\/figcaption><\/figure>\n\n\n\n<figure class=\"wp-block-image size-large\"><a href=\"https:\/\/www.dessign.fr\/kovalseb\/science-fiction\/\"><img loading=\"lazy\" decoding=\"async\" width=\"463\" height=\"692\" data-id=\"1314\" src=\"https:\/\/www.dessign.fr\/kovalseb\/wp-content\/uploads\/2022\/11\/cosmocat-trone-du-roi-lion-dessign-ARTBOOK-KOVAL-S\u00e9bastien.jpg\" alt=\"roi casque lion sur trone dessign.fr dessin ARTBOOK KOVAL S\u00e9bastien\" class=\"wp-image-1314\" srcset=\"https:\/\/www.dessign.fr\/kovalseb\/wp-content\/uploads\/2022\/11\/cosmocat-trone-du-roi-lion-dessign-ARTBOOK-KOVAL-S\u00e9bastien.jpg 463w, https:\/\/www.dessign.fr\/kovalseb\/wp-content\/uploads\/2022\/11\/cosmocat-trone-du-roi-lion-dessign-ARTBOOK-KOVAL-S\u00e9bastien-201x300.jpg 201w\" sizes=\"(max-width: 463px) 100vw, 463px\" \/><\/a><figcaption class=\"wp-element-caption\">Roi lion fantastique<\/figcaption><\/figure>\n\n\n\n<figure class=\"wp-block-image size-large\"><a href=\"https:\/\/www.dessign.fr\/kovalseb\/nature\/\"><img loading=\"lazy\" decoding=\"async\" width=\"495\" height=\"709\" data-id=\"1302\" src=\"https:\/\/www.dessign.fr\/kovalseb\/wp-content\/uploads\/2022\/10\/pinson-aux-fraises-dessign-ARTBOOK-KOVAL-S\u00e9bastien.jpg\" alt=\"pinson aux fraises naturalisme dessign.fr dessin ARTBOOK KOVAL S\u00e9bastien\" class=\"wp-image-1302\" srcset=\"https:\/\/www.dessign.fr\/kovalseb\/wp-content\/uploads\/2022\/10\/pinson-aux-fraises-dessign-ARTBOOK-KOVAL-S\u00e9bastien.jpg 495w, https:\/\/www.dessign.fr\/kovalseb\/wp-content\/uploads\/2022\/10\/pinson-aux-fraises-dessign-ARTBOOK-KOVAL-S\u00e9bastien-209x300.jpg 209w\" sizes=\"(max-width: 495px) 100vw, 495px\" \/><\/a><figcaption class=\"wp-element-caption\">Pinson aux fraises<\/figcaption><\/figure>\n\n\n\n<figure class=\"wp-block-image size-large\"><a href=\"https:\/\/www.dessign.fr\/kovalseb\/656-2\/\"><img loading=\"lazy\" decoding=\"async\" width=\"541\" height=\"761\" data-id=\"1320\" src=\"https:\/\/www.dessign.fr\/kovalseb\/wp-content\/uploads\/2022\/11\/Mont-Saint-Michel-ink-dessign-ARTBOOK-KOVAL-S\u00e9bastien.jpg\" alt=\"Mont Saint Michel monument france dessign.fr dessin ARTBOOK KOVAL S\u00e9bastien\" class=\"wp-image-1320\" srcset=\"https:\/\/www.dessign.fr\/kovalseb\/wp-content\/uploads\/2022\/11\/Mont-Saint-Michel-ink-dessign-ARTBOOK-KOVAL-S\u00e9bastien.jpg 541w, https:\/\/www.dessign.fr\/kovalseb\/wp-content\/uploads\/2022\/11\/Mont-Saint-Michel-ink-dessign-ARTBOOK-KOVAL-S\u00e9bastien-213x300.jpg 213w\" sizes=\"(max-width: 541px) 100vw, 541px\" \/><\/a><figcaption class=\"wp-element-caption\">Le Mont Saint Michel<\/figcaption><\/figure>\n\n\n\n<figure class=\"wp-block-image size-large\"><a href=\"https:\/\/www.dessign.fr\/kovalseb\/portraits\/\"><img loading=\"lazy\" decoding=\"async\" width=\"509\" height=\"722\" data-id=\"1319\" src=\"https:\/\/www.dessign.fr\/kovalseb\/wp-content\/uploads\/2022\/11\/Michael-Jackson-bambi-dessign-ARTBOOK-KOVAL-S\u00e9bastien.jpg\" alt=\"Michael Jackson king of pop portrait dessign.fr dessin ARTBOOK KOVAL S\u00e9bastien\" class=\"wp-image-1319\" srcset=\"https:\/\/www.dessign.fr\/kovalseb\/wp-content\/uploads\/2022\/11\/Michael-Jackson-bambi-dessign-ARTBOOK-KOVAL-S\u00e9bastien.jpg 509w, https:\/\/www.dessign.fr\/kovalseb\/wp-content\/uploads\/2022\/11\/Michael-Jackson-bambi-dessign-ARTBOOK-KOVAL-S\u00e9bastien-211x300.jpg 211w\" sizes=\"(max-width: 509px) 100vw, 509px\" \/><\/a><figcaption class=\"wp-element-caption\">Michael Jackson portrait<\/figcaption><\/figure>\n\n\n\n<figure class=\"wp-block-image size-large\"><a href=\"https:\/\/www.dessign.fr\/kovalseb\/nature-morte-objet\/\"><img loading=\"lazy\" decoding=\"async\" width=\"711\" height=\"1024\" data-id=\"1232\" src=\"https:\/\/www.dessign.fr\/kovalseb\/wp-content\/uploads\/2022\/06\/escalier-encombre-dessign-ARTBOOK-KOVAL-S\u00e9bastien-711x1024.jpg\" alt=\"nature morte escalier vase dessign.fr dessin ARTBOOK KOVAL S\u00e9bastien\" class=\"wp-image-1232\" srcset=\"https:\/\/www.dessign.fr\/kovalseb\/wp-content\/uploads\/2022\/06\/escalier-encombre-dessign-ARTBOOK-KOVAL-S\u00e9bastien-711x1024.jpg 711w, https:\/\/www.dessign.fr\/kovalseb\/wp-content\/uploads\/2022\/06\/escalier-encombre-dessign-ARTBOOK-KOVAL-S\u00e9bastien-208x300.jpg 208w, https:\/\/www.dessign.fr\/kovalseb\/wp-content\/uploads\/2022\/06\/escalier-encombre-dessign-ARTBOOK-KOVAL-S\u00e9bastien-768x1106.jpg 768w, https:\/\/www.dessign.fr\/kovalseb\/wp-content\/uploads\/2022\/06\/escalier-encombre-dessign-ARTBOOK-KOVAL-S\u00e9bastien-1066x1536.jpg 1066w, https:\/\/www.dessign.fr\/kovalseb\/wp-content\/uploads\/2022\/06\/escalier-encombre-dessign-ARTBOOK-KOVAL-S\u00e9bastien.jpg 1323w\" sizes=\"(max-width: 711px) 100vw, 711px\" \/><\/a><figcaption class=\"wp-element-caption\">nature morte \u00e0 l&rsquo;escalier<\/figcaption><\/figure>\n\n\n\n<figure class=\"wp-block-image size-large\"><a href=\"https:\/\/www.dessign.fr\/kovalseb\/academique\/\"><img loading=\"lazy\" decoding=\"async\" width=\"541\" height=\"785\" data-id=\"1318\" src=\"https:\/\/www.dessign.fr\/kovalseb\/wp-content\/uploads\/2022\/11\/love-calins-nus-dessign-ARTBOOK-KOVAL-S\u00e9bastien.jpg\" alt=\"couple nu amour dessign.fr dessin ARTBOOK KOVAL S\u00e9bastien\" class=\"wp-image-1318\" srcset=\"https:\/\/www.dessign.fr\/kovalseb\/wp-content\/uploads\/2022\/11\/love-calins-nus-dessign-ARTBOOK-KOVAL-S\u00e9bastien.jpg 541w, https:\/\/www.dessign.fr\/kovalseb\/wp-content\/uploads\/2022\/11\/love-calins-nus-dessign-ARTBOOK-KOVAL-S\u00e9bastien-207x300.jpg 207w\" sizes=\"(max-width: 541px) 100vw, 541px\" \/><\/a><figcaption class=\"wp-element-caption\">nu et anatomie c\u00e2lin<\/figcaption><\/figure>\n\n\n\n<figure class=\"wp-block-image size-large\"><a href=\"https:\/\/www.dessign.fr\/kovalseb\/superheros\/\"><img loading=\"lazy\" decoding=\"async\" width=\"505\" height=\"778\" data-id=\"1354\" src=\"https:\/\/www.dessign.fr\/kovalseb\/wp-content\/uploads\/2022\/12\/colors-HULK-WOLVERINE-THANOS-DEADPOOL-dessign-ARTBOOK-KOVAL-S\u00e9bastien.jpg\" alt=\"Hulk Wolverine Thanos Deadpooldessign.fr dessin ARTBOOK KOVAL S\u00e9bastien\" class=\"wp-image-1354\" srcset=\"https:\/\/www.dessign.fr\/kovalseb\/wp-content\/uploads\/2022\/12\/colors-HULK-WOLVERINE-THANOS-DEADPOOL-dessign-ARTBOOK-KOVAL-S\u00e9bastien.jpg 505w, https:\/\/www.dessign.fr\/kovalseb\/wp-content\/uploads\/2022\/12\/colors-HULK-WOLVERINE-THANOS-DEADPOOL-dessign-ARTBOOK-KOVAL-S\u00e9bastien-195x300.jpg 195w\" sizes=\"(max-width: 505px) 100vw, 505px\" \/><\/a><figcaption class=\"wp-element-caption\">superheros<\/figcaption><\/figure>\n\n\n\n<figure class=\"wp-block-image size-large\"><a href=\"https:\/\/www.dessign.fr\/kovalseb\/sport\/\"><img loading=\"lazy\" decoding=\"async\" width=\"776\" height=\"1024\" data-id=\"1231\" src=\"https:\/\/www.dessign.fr\/kovalseb\/wp-content\/uploads\/2022\/06\/tennis-Rolland-Garros-dessign-ARTBOOK-KOVAL-S\u00e9bastien-776x1024.jpg\" alt=\"tennisman dessign.fr dessin ARTBOOK KOVAL S\u00e9bastien\" class=\"wp-image-1231\" srcset=\"https:\/\/www.dessign.fr\/kovalseb\/wp-content\/uploads\/2022\/06\/tennis-Rolland-Garros-dessign-ARTBOOK-KOVAL-S\u00e9bastien-776x1024.jpg 776w, https:\/\/www.dessign.fr\/kovalseb\/wp-content\/uploads\/2022\/06\/tennis-Rolland-Garros-dessign-ARTBOOK-KOVAL-S\u00e9bastien-227x300.jpg 227w, https:\/\/www.dessign.fr\/kovalseb\/wp-content\/uploads\/2022\/06\/tennis-Rolland-Garros-dessign-ARTBOOK-KOVAL-S\u00e9bastien-768x1013.jpg 768w, https:\/\/www.dessign.fr\/kovalseb\/wp-content\/uploads\/2022\/06\/tennis-Rolland-Garros-dessign-ARTBOOK-KOVAL-S\u00e9bastien.jpg 1120w\" sizes=\"(max-width: 776px) 100vw, 776px\" \/><\/a><figcaption class=\"wp-element-caption\">tennis sport<\/figcaption><\/figure>\n<\/figure>\n\n\n\n<p>Dessinateur depuis la premi\u00e8re heure, avant m\u00eame mon travail de graphiste ind\u00e9pendant, tenir un crayon est une gymnastique quotidienne, un \u00e9quilibre. Si dessiner apporte cet instant de pl\u00e9nitude, imager l&rsquo;imagination reste un combat contre soit m\u00eame. Ici pas de dessin calqu\u00e9 comme toutes ces r\u00e9alisations d&rsquo;hyper-r\u00e9alisme \u00e0 la mode, le dessin reste pour moi un acte d&rsquo;observation puis de m\u00e9moire (pour les cr\u00e9ations sans mod\u00e8les), c&rsquo;est un savant m\u00e9lange entre ce que l&rsquo;on voit et ce que l&rsquo;on sait (pour r\u00e9ussir les zones sombres par exemple ou bien s\u00fbr dessiner d&rsquo;imagination).<\/p>\n\n\n\n<p>N&rsquo;h\u00e9sitez pas \u00e0 me contacter pour acqu\u00e9rir une de ses r\u00e9alisations si elle est encore disponible ou passer une commande personnalis\u00e9e, en fonction de ce qui doit \u00eatre r\u00e9alis\u00e9, du format et de la technique, vous pouvez pour peu un de mes dessins. Exemple graphite sur A5 \u00e0 partir de 10 \u20ac (plus frais de port).<\/p>\n\n\n\n<p>Je peux \u00e9galement r\u00e9alis\u00e9 des cours en ligne ou sur d\u00e9placement dans un rayon de 25 Km de chez moi. (Mousseaux les Bray).<\/p>\n\n\n\n<figure class=\"wp-block-video\"><video autoplay controls loop src=\"https:\/\/www.dessign.fr\/kovalseb\/wp-content\/uploads\/2020\/05\/PAGE-FB_video4.mp4\"><\/video><\/figure>\n","protected":false},"excerpt":{"rendered":"<p>Toutes les r\u00e9alisations class\u00e9es ici par th\u00e8mes Dessinateur depuis la premi\u00e8re heure, avant m\u00eame mon travail de graphiste ind\u00e9pendant, tenir un crayon est une gymnastique quotidienne, un \u00e9quilibre. Si dessiner apporte cet instant de pl\u00e9nitude, imager l&rsquo;imagination reste un combat contre soit m\u00eame. Ici pas de dessin calqu\u00e9 comme toutes ces r\u00e9alisations d&rsquo;hyper-r\u00e9alisme \u00e0 la<\/p>\n<div><a class=\"btn-filled btn\" href=\"https:\/\/www.dessign.fr\/kovalseb\/dessin\/\" title=\"Dessin\">Lire la suite<\/a><\/div>\n","protected":false},"author":2,"featured_media":0,"parent":0,"menu_order":0,"comment_status":"closed","ping_status":"closed","template":"","meta":{"_exactmetrics_skip_tracking":false,"_exactmetrics_sitenote_active":false,"_exactmetrics_sitenote_note":"","_exactmetrics_sitenote_category":0,"footnotes":""},"aioseo_notices":[],"_links":{"self":[{"href":"https:\/\/www.dessign.fr\/kovalseb\/wp-json\/wp\/v2\/pages\/25"}],"collection":[{"href":"https:\/\/www.dessign.fr\/kovalseb\/wp-json\/wp\/v2\/pages"}],"about":[{"href":"https:\/\/www.dessign.fr\/kovalseb\/wp-json\/wp\/v2\/types\/page"}],"author":[{"embeddable":true,"href":"https:\/\/www.dessign.fr\/kovalseb\/wp-json\/wp\/v2\/users\/2"}],"replies":[{"embeddable":true,"href":"https:\/\/www.dessign.fr\/kovalseb\/wp-json\/wp\/v2\/comments?post=25"}],"version-history":[{"count":35,"href":"https:\/\/www.dessign.fr\/kovalseb\/wp-json\/wp\/v2\/pages\/25\/revisions"}],"predecessor-version":[{"id":2069,"href":"https:\/\/www.dessign.fr\/kovalseb\/wp-json\/wp\/v2\/pages\/25\/revisions\/2069"}],"wp:attachment":[{"href":"https:\/\/www.dessign.fr\/kovalseb\/wp-json\/wp\/v2\/media?parent=25"}],"curies":[{"name":"wp","href":"https:\/\/api.w.org\/{rel}","templated":true}]}}