{"id":2611,"date":"2024-01-19T14:40:42","date_gmt":"2024-01-19T13:40:42","guid":{"rendered":"https:\/\/www.dessign.fr\/kovalseb\/?page_id=2611"},"modified":"2024-01-19T14:40:42","modified_gmt":"2024-01-19T13:40:42","slug":"plan-du-site","status":"publish","type":"page","link":"https:\/\/www.dessign.fr\/kovalseb\/plan-du-site\/","title":{"rendered":"plan-du-site"},"content":{"rendered":"<div class=\"aioseo-html-sitemap\"><style>.aioseo-html-sitemap.labels-hidden ul { margin: 0; }<\/style><div class=\"aioseo-html-post-sitemap\"><h4>Articles<\/h4><ul><li><a href=\"https:\/\/www.dessign.fr\/kovalseb\/sketchbook-creation-sebastien-koval\/\" >sketchbook cr\u00e9ation S\u00e9bastien KOVAL (24 janvier 2024)<\/a><\/li><\/ul><\/div><br \/><div class=\"aioseo-html-page-sitemap\"><h4>Pages<\/h4><ul><li><a href=\"https:\/\/www.dessign.fr\/kovalseb\/politique-de-confidentialite\/\" >Politique de confidentialit\u00e9 (26 mai 2020)<\/a><\/li><li><a href=\"https:\/\/www.dessign.fr\/kovalseb\/\" >Cr\u00e9ations de l&rsquo;artiste KOVAL S\u00e9bastien dessin peinture\u00a0 (26 mai 2020)<\/a><\/li><li><a href=\"https:\/\/www.dessign.fr\/kovalseb\/fight\/\" >Martial Art &#8211; Judo &#8211; Boxe (26 mai 2020)<\/a><\/li><li><a href=\"https:\/\/www.dessign.fr\/kovalseb\/ink\/\" >Ink &#8211; dessins \u00e0 encrage direct (26 mai 2020)<\/a><\/li><li><a href=\"https:\/\/www.dessign.fr\/kovalseb\/contact\/\" >Contact (26 mai 2020)<\/a><\/li><li><a href=\"https:\/\/www.dessign.fr\/kovalseb\/dessin\/\" >Dessin (26 mai 2020)<\/a><\/li><li><a href=\"https:\/\/www.dessign.fr\/kovalseb\/peinture\/\" >Peinture (26 mai 2020)<\/a><\/li><li><a href=\"https:\/\/www.dessign.fr\/kovalseb\/digital-painting\/\" >Digital painting ou animation de dessin (27 mai 2020)<\/a><\/li><li><a href=\"https:\/\/www.dessign.fr\/kovalseb\/mandala\/\" >Mandala et dessin g\u00e9om\u00e9trique (27 mai 2020)<\/a><\/li><li><a href=\"https:\/\/www.dessign.fr\/kovalseb\/judo\/\" >Peinture acrylique de JUDO (27 mai 2020)<\/a><\/li><li><a href=\"https:\/\/www.dessign.fr\/kovalseb\/devis\/\" >Demandez votre devis (28 mai 2020)<\/a><\/li><li><a href=\"https:\/\/www.dessign.fr\/kovalseb\/sketchbook\/\" >Sketchbook &#8211; dessins divers &#8211; la cr\u00e9ativit\u00e9 sur carnet (30 mai 2020)<\/a><\/li><li><a href=\"https:\/\/www.dessign.fr\/kovalseb\/fresque-murale\/\" >Fresque murale &#8211; d\u00e9coration de chambre (2 juin 2020)<\/a><\/li><li><a href=\"https:\/\/www.dessign.fr\/kovalseb\/abstrait\/\" >Peinture acrylique abstraite (2 juin 2020)<\/a><\/li><li><a href=\"https:\/\/www.dessign.fr\/kovalseb\/358-2\/\" >Concept Art &#8211; cr\u00e9ations originales (2 juin 2020)<\/a><\/li><li><a href=\"https:\/\/www.dessign.fr\/kovalseb\/mini\/\" >Dessins miniatures (2 juin 2020)<\/a><\/li><li><a href=\"https:\/\/www.dessign.fr\/kovalseb\/meca\/\" >Machines en tout genre (5 juin 2020)<\/a><\/li><li><a href=\"https:\/\/www.dessign.fr\/kovalseb\/science-fiction\/\" >Science Fiction &#8211; Fantastique (5 juin 2020)<\/a><\/li><li><a href=\"https:\/\/www.dessign.fr\/kovalseb\/nature\/\" >Nature &#8211; Faune et Flore (5 juin 2020)<\/a><\/li><li><a href=\"https:\/\/www.dessign.fr\/kovalseb\/academique\/\" >Nu et Acad\u00e9mique (5 juin 2020)<\/a><\/li><li><a href=\"https:\/\/www.dessign.fr\/kovalseb\/portraits\/\" >Portraits sur sketchbook, les dessins rapide sur carnet (5 juin 2020)<\/a><\/li><li><a href=\"https:\/\/www.dessign.fr\/kovalseb\/656-2\/\" >Paysage monuments (8 juin 2020)<\/a><\/li><li><a href=\"https:\/\/www.dessign.fr\/kovalseb\/les-nouvelles-creations-du-mois-par-sebastien-koval\/\" >Les nouvelles cr\u00e9ations du mois (26 avril 2022)<\/a><\/li><li><a href=\"https:\/\/www.dessign.fr\/kovalseb\/superheros\/\" >Superheros cartoon bd cin\u00e9 (3 f\u00e9vrier 2023)<\/a><\/li><li><a href=\"https:\/\/www.dessign.fr\/kovalseb\/sport\/\" >Sport danse culture du mouvement (3 f\u00e9vrier 2023)<\/a><\/li><li><a href=\"https:\/\/www.dessign.fr\/kovalseb\/nature-morte-objet\/\" >Nature morte &#8211; Objet &#8211; observation (3 f\u00e9vrier 2023)<\/a><\/li><li><a href=\"https:\/\/www.dessign.fr\/kovalseb\/figuratif\/\" >Peinture acrylique figurative (6 f\u00e9vrier 2023)<\/a><\/li><li><a href=\"https:\/\/www.dessign.fr\/kovalseb\/lensemble-des-creations-sur-carnet-a-revoir-en-video\/\" >L&rsquo;ensemble des cr\u00e9ations sur carnet \u00e0 revoir en vid\u00e9o (17 f\u00e9vrier 2023)<\/a><\/li><li><a href=\"https:\/\/www.dessign.fr\/kovalseb\/les-dessins-de-sebastien-koval-artiste\/\" >Les dessins de S\u00e9bastien KOVAL artiste (23 mai 2023)<\/a><\/li><li><a href=\"https:\/\/www.dessign.fr\/kovalseb\/plan-du-site\/\" >plan-du-site (19 janvier 2024)<\/a><\/li><\/ul><\/div><br \/><div class=\"aioseo-html-wds-slider-sitemap\"><h4>Slider<\/h4><ul><li><a href=\"https:\/\/www.dessign.fr\/kovalseb\/wds-slider\/preview\/\" >Preview (6 f\u00e9vrier 2023)<\/a><\/li><\/ul><\/div><br \/><div class=\"aioseo-html-category-sitemap\"><h4>Cat\u00e9gories<\/h4><ul><li><a href=\"https:\/\/www.dessign.fr\/kovalseb\/category\/non-classe\/\" >Non class\u00e9<\/a><\/li><\/ul><\/div><br \/><\/div>","protected":false},"excerpt":{"rendered":"","protected":false},"author":2,"featured_media":0,"parent":0,"menu_order":0,"comment_status":"closed","ping_status":"closed","template":"","meta":{"_exactmetrics_skip_tracking":false,"_exactmetrics_sitenote_active":false,"_exactmetrics_sitenote_note":"","_exactmetrics_sitenote_category":0,"footnotes":""},"aioseo_notices":[],"_links":{"self":[{"href":"https:\/\/www.dessign.fr\/kovalseb\/wp-json\/wp\/v2\/pages\/2611"}],"collection":[{"href":"https:\/\/www.dessign.fr\/kovalseb\/wp-json\/wp\/v2\/pages"}],"about":[{"href":"https:\/\/www.dessign.fr\/kovalseb\/wp-json\/wp\/v2\/types\/page"}],"author":[{"embeddable":true,"href":"https:\/\/www.dessign.fr\/kovalseb\/wp-json\/wp\/v2\/users\/2"}],"replies":[{"embeddable":true,"href":"https:\/\/www.dessign.fr\/kovalseb\/wp-json\/wp\/v2\/comments?post=2611"}],"version-history":[{"count":1,"href":"https:\/\/www.dessign.fr\/kovalseb\/wp-json\/wp\/v2\/pages\/2611\/revisions"}],"predecessor-version":[{"id":2612,"href":"https:\/\/www.dessign.fr\/kovalseb\/wp-json\/wp\/v2\/pages\/2611\/revisions\/2612"}],"wp:attachment":[{"href":"https:\/\/www.dessign.fr\/kovalseb\/wp-json\/wp\/v2\/media?parent=2611"}],"curies":[{"name":"wp","href":"https:\/\/api.w.org\/{rel}","templated":true}]}}