{"id":3,"date":"2020-05-26T14:10:47","date_gmt":"2020-05-26T12:10:47","guid":{"rendered":"http:\/\/dessign.fr\/kovalseb\/?page_id=3"},"modified":"2023-02-08T09:30:29","modified_gmt":"2023-02-08T08:30:29","slug":"politique-de-confidentialite","status":"publish","type":"page","link":"https:\/\/www.dessign.fr\/kovalseb\/politique-de-confidentialite\/","title":{"rendered":"Politique de confidentialit\u00e9"},"content":{"rendered":"\n<div class=\"wp-block-columns is-layout-flex wp-container-core-columns-is-layout-1 wp-block-columns-is-layout-flex\">\n<div class=\"wp-block-column is-layout-flow wp-block-column-is-layout-flow\">\n<p><strong>dessign Infographiste<\/strong> &#8211; KOVAL S\u00e9bastien<br>si\u00e8ge social&nbsp;:<br>628, rue des Mara\u00eechers &#8211; 77480 MOUSSEAUX les BRAY<br>T\u00e9l.&nbsp;: 06 84 36 06 69<br>Email&nbsp;: s.koval[a]wanadoo.fr<br>facebook : facebook.com\/<strong>kovalseb<\/strong><br>facebook.com\/<strong>DESSIGNinfographiste<\/strong><br>facebook.com\/<strong>JUDOENLIGNES<\/strong><br>SIRET&nbsp;: 505 212 894 00024<\/p>\n\n\n\n<p><br><\/p>\n\n\n\n<p><br><\/p>\n<\/div>\n\n\n\n<div class=\"wp-block-column is-layout-flow wp-block-column-is-layout-flow\">\n<p><strong>Propri\u00e9t\u00e9 intellectuelle<\/strong><br>Mr\u00a0S\u00e9bastien KOVAL est seul titulaire des droits d\u2019auteurs sur le contenu des sites dessign.fr et <a href=\"http:\/\/judoenlignes.com\" target=\"_blank\" rel=\"noreferrer noopener\">judoenlignes.com<\/a>.<br>Toute reproduction ou repr\u00e9sentation totale ou partielle, faite sans le<br>consentement de Mr\u00a0S\u00e9bastien KOVAL constitue une contrefa\u00e7on p\u00e9nalement<br>sanctionn\u00e9e.<br>Mr\u00a0S\u00e9bastien KOVAL est titulaire des droits sur les logos de dessign infographiste &amp; judoenlignes.<br>Toute reproduction totale ou partielle des logos sans le consentement de<br>Mr\u00a0S\u00e9bastien KOVAL constitue une contrefa\u00e7on p\u00e9nalement sanctionn\u00e9e.<br>Sans mention contraire, les illustrations, photos, vid\u00e9os pr\u00e9sentes sur ces sites sont des cr\u00e9ations personnelles originales.<\/p>\n<\/div>\n\n\n\n<div class=\"wp-block-column is-layout-flow wp-block-column-is-layout-flow\">\n<p><strong>Informations collect\u00e9es<\/strong><br>Seuls les cookies de fonctionnement sont utilis\u00e9 pour des fins de statistiques. Toutes les donn\u00e9es collect\u00e9es sur ce site, par quelque moyen que ce soit, sont \u00e0 l\u2019usage r\u00e9serv\u00e9 de Mr&nbsp;S\u00e9bastien KOVAL.<br>Conform\u00e9ment aux dispositions de la loi Informatique et Libert\u00e9s du 6 janvier 1978, vous disposez d\u2019un droit d\u2019acc\u00e8s, de rectification, de suppression aux donn\u00e9es vous concernant et vous pouvez \u00e0 tout moment nous en faire la demande en ligne \u00e0 l\u2019adresse suivante&nbsp;: s.koval[a]wanadoo.fr<\/p>\n\n\n\n<p><br>\u00a9 2008 dessign.fr All Rights Reserved.<\/p>\n\n\n\n<p><br>cr\u00e9ation&nbsp;: dessign.fr<br>h\u00e9bergement&nbsp;: lws.fr<\/p>\n<\/div>\n<\/div>\n","protected":false},"excerpt":{"rendered":"<p>dessign Infographiste &#8211; KOVAL S\u00e9bastiensi\u00e8ge social&nbsp;:628, rue des Mara\u00eechers &#8211; 77480 MOUSSEAUX les BRAYT\u00e9l.&nbsp;: 06 84 36 06 69Email&nbsp;: s.koval[a]wanadoo.frfacebook : facebook.com\/kovalsebfacebook.com\/DESSIGNinfographistefacebook.com\/JUDOENLIGNESSIRET&nbsp;: 505 212 894 00024 Propri\u00e9t\u00e9 intellectuelleMr\u00a0S\u00e9bastien KOVAL est seul titulaire des droits d\u2019auteurs sur le contenu des sites dessign.fr et judoenlignes.com.Toute reproduction ou repr\u00e9sentation totale ou partielle, faite sans leconsentement de Mr\u00a0S\u00e9bastien KOVAL<\/p>\n<div><a class=\"btn-filled btn\" href=\"https:\/\/www.dessign.fr\/kovalseb\/politique-de-confidentialite\/\" title=\"Politique de confidentialit\u00e9\">Lire la suite<\/a><\/div>\n","protected":false},"author":2,"featured_media":0,"parent":0,"menu_order":0,"comment_status":"closed","ping_status":"open","template":"","meta":{"_exactmetrics_skip_tracking":false,"_exactmetrics_sitenote_active":false,"_exactmetrics_sitenote_note":"","_exactmetrics_sitenote_category":0,"footnotes":""},"aioseo_notices":[],"_links":{"self":[{"href":"https:\/\/www.dessign.fr\/kovalseb\/wp-json\/wp\/v2\/pages\/3"}],"collection":[{"href":"https:\/\/www.dessign.fr\/kovalseb\/wp-json\/wp\/v2\/pages"}],"about":[{"href":"https:\/\/www.dessign.fr\/kovalseb\/wp-json\/wp\/v2\/types\/page"}],"author":[{"embeddable":true,"href":"https:\/\/www.dessign.fr\/kovalseb\/wp-json\/wp\/v2\/users\/2"}],"replies":[{"embeddable":true,"href":"https:\/\/www.dessign.fr\/kovalseb\/wp-json\/wp\/v2\/comments?post=3"}],"version-history":[{"count":4,"href":"https:\/\/www.dessign.fr\/kovalseb\/wp-json\/wp\/v2\/pages\/3\/revisions"}],"predecessor-version":[{"id":2122,"href":"https:\/\/www.dessign.fr\/kovalseb\/wp-json\/wp\/v2\/pages\/3\/revisions\/2122"}],"wp:attachment":[{"href":"https:\/\/www.dessign.fr\/kovalseb\/wp-json\/wp\/v2\/media?parent=3"}],"curies":[{"name":"wp","href":"https:\/\/api.w.org\/{rel}","templated":true}]}}