{"id":30,"date":"2020-05-26T14:54:48","date_gmt":"2020-05-26T12:54:48","guid":{"rendered":"http:\/\/dessign.fr\/kovalseb\/?page_id=30"},"modified":"2023-02-06T11:26:43","modified_gmt":"2023-02-06T10:26:43","slug":"peinture","status":"publish","type":"page","link":"https:\/\/www.dessign.fr\/kovalseb\/peinture\/","title":{"rendered":"Peinture"},"content":{"rendered":"\n<figure class=\"wp-block-gallery has-nested-images columns-default is-cropped wp-block-gallery-1 is-layout-flex wp-block-gallery-is-layout-flex\">\n<figure class=\"wp-block-image size-large\"><a href=\"https:\/\/www.dessign.fr\/kovalseb\/figuratif\/\"><img loading=\"lazy\" decoding=\"async\" width=\"751\" height=\"1024\" data-id=\"1122\" src=\"https:\/\/www.dessign.fr\/kovalseb\/wp-content\/uploads\/2022\/01\/MozartPeinture-chat-ARTBOOK-KOVAL-Sebastien-751x1024.jpg\" alt=\"chat portrait commande dessign.fr dessin ARTBOOK KOVAL S\u00e9bastien\" class=\"wp-image-1122\" srcset=\"https:\/\/www.dessign.fr\/kovalseb\/wp-content\/uploads\/2022\/01\/MozartPeinture-chat-ARTBOOK-KOVAL-Sebastien-751x1024.jpg 751w, https:\/\/www.dessign.fr\/kovalseb\/wp-content\/uploads\/2022\/01\/MozartPeinture-chat-ARTBOOK-KOVAL-Sebastien-220x300.jpg 220w, https:\/\/www.dessign.fr\/kovalseb\/wp-content\/uploads\/2022\/01\/MozartPeinture-chat-ARTBOOK-KOVAL-Sebastien-768x1048.jpg 768w, https:\/\/www.dessign.fr\/kovalseb\/wp-content\/uploads\/2022\/01\/MozartPeinture-chat-ARTBOOK-KOVAL-Sebastien-1126x1536.jpg 1126w, https:\/\/www.dessign.fr\/kovalseb\/wp-content\/uploads\/2022\/01\/MozartPeinture-chat-ARTBOOK-KOVAL-Sebastien.jpg 1296w\" sizes=\"(max-width: 751px) 100vw, 751px\" \/><\/a><figcaption class=\"wp-element-caption\">Portrait de chat<\/figcaption><\/figure>\n\n\n\n<figure class=\"wp-block-image size-large\"><a href=\"https:\/\/www.dessign.fr\/kovalseb\/judo\/\"><img loading=\"lazy\" decoding=\"async\" width=\"660\" height=\"836\" data-id=\"242\" src=\"https:\/\/www.dessign.fr\/kovalseb\/wp-content\/uploads\/2020\/05\/JUDOuranage2.jpg\" alt=\"JUDO ura-nage technique judoenlignes.com dessign dessin ARTBOOK KOVAL S\u00e9bastien artiste\" class=\"wp-image-242\" srcset=\"https:\/\/www.dessign.fr\/kovalseb\/wp-content\/uploads\/2020\/05\/JUDOuranage2.jpg 660w, https:\/\/www.dessign.fr\/kovalseb\/wp-content\/uploads\/2020\/05\/JUDOuranage2-237x300.jpg 237w\" sizes=\"(max-width: 660px) 100vw, 660px\" \/><\/a><figcaption class=\"wp-element-caption\">Ura-nage JUDO<\/figcaption><\/figure>\n\n\n\n<figure class=\"wp-block-image size-large\"><a href=\"https:\/\/www.dessign.fr\/kovalseb\/abstrait\/\"><img loading=\"lazy\" decoding=\"async\" width=\"767\" height=\"960\" data-id=\"377\" src=\"https:\/\/www.dessign.fr\/kovalseb\/wp-content\/uploads\/2020\/06\/mareenoireabstrait.jpg\" alt=\"maree noire abstrait peinture dessign dessin ARTBOOK KOVAL S\u00e9bastien artiste\" class=\"wp-image-377\" srcset=\"https:\/\/www.dessign.fr\/kovalseb\/wp-content\/uploads\/2020\/06\/mareenoireabstrait.jpg 767w, https:\/\/www.dessign.fr\/kovalseb\/wp-content\/uploads\/2020\/06\/mareenoireabstrait-240x300.jpg 240w\" sizes=\"(max-width: 767px) 100vw, 767px\" \/><\/a><figcaption class=\"wp-element-caption\">mar\u00e9e noire abstrait<\/figcaption><\/figure>\n\n\n\n<figure class=\"wp-block-image size-large\"><a href=\"https:\/\/www.dessign.fr\/kovalseb\/fresque-murale\/\"><img loading=\"lazy\" decoding=\"async\" width=\"1024\" height=\"676\" data-id=\"691\" src=\"https:\/\/www.dessign.fr\/kovalseb\/wp-content\/uploads\/2020\/06\/toit-de-Paris-tour-eiffel-peinture-murale-1024x676.jpeg\" alt=\"Paris tour eiffel peinture murale dessign.fr dessin ARTBOOK KOVAL S\u00e9bastien\" class=\"wp-image-691\" srcset=\"https:\/\/www.dessign.fr\/kovalseb\/wp-content\/uploads\/2020\/06\/toit-de-Paris-tour-eiffel-peinture-murale-1024x676.jpeg 1024w, https:\/\/www.dessign.fr\/kovalseb\/wp-content\/uploads\/2020\/06\/toit-de-Paris-tour-eiffel-peinture-murale-300x198.jpeg 300w, https:\/\/www.dessign.fr\/kovalseb\/wp-content\/uploads\/2020\/06\/toit-de-Paris-tour-eiffel-peinture-murale-768x507.jpeg 768w, https:\/\/www.dessign.fr\/kovalseb\/wp-content\/uploads\/2020\/06\/toit-de-Paris-tour-eiffel-peinture-murale-1536x1014.jpeg 1536w, https:\/\/www.dessign.fr\/kovalseb\/wp-content\/uploads\/2020\/06\/toit-de-Paris-tour-eiffel-peinture-murale-2048x1351.jpeg 2048w\" sizes=\"(max-width: 1024px) 100vw, 1024px\" \/><\/a><figcaption class=\"wp-element-caption\">Toits de Paris chambre<\/figcaption><\/figure>\n<\/figure>\n\n\n\n<p>G\u00e9n\u00e9ralement je ne r\u00e9alise de peinture que sur commande car je pr\u00e9f\u00e8re ne pas avoir de stock, et faire des recherches sous forme de sketch.<\/p>\n\n\n\n<p>Vous voulez immortaliser un \u00eatre cher, un lieu, un souvenir, un m\u00e9tier, un portrait de votre animal, offrir une oeuvre \u00e0 un proche ou m\u00eame refaire la d\u00e9coration de la chambre de votre enfant, il vous suffit de me contacter pour un devis gratuit de la ou les r\u00e9alisation en fonction de votre budget.<\/p>\n\n\n\n<p>Pour toute commande les prix varient par la technique utilis\u00e9e (acrylique ou huile), le support (toile sur chassis, bois, papier, fer, plexis, customisation chaussures, accessoires ou v\u00eatements, fresque murale\u2026) ainsi que le format et enfin les frais de port ou le d\u00e9placement. n&rsquo;h\u00e9sitez pas \u00e0 me contacter pour votre requ\u00eate.<\/p>\n\n\n\n<figure class=\"wp-block-video\"><video controls src=\"https:\/\/www.dessign.fr\/kovalseb\/wp-content\/uploads\/2020\/05\/PAGE-FB_video3.mp4\"><\/video><\/figure>\n","protected":false},"excerpt":{"rendered":"<p>G\u00e9n\u00e9ralement je ne r\u00e9alise de peinture que sur commande car je pr\u00e9f\u00e8re ne pas avoir de stock, et faire des recherches sous forme de sketch. Vous voulez immortaliser un \u00eatre cher, un lieu, un souvenir, un m\u00e9tier, un portrait de votre animal, offrir une oeuvre \u00e0 un proche ou m\u00eame refaire la d\u00e9coration de la<\/p>\n<div><a class=\"btn-filled btn\" href=\"https:\/\/www.dessign.fr\/kovalseb\/peinture\/\" title=\"Peinture\">Lire la suite<\/a><\/div>\n","protected":false},"author":2,"featured_media":0,"parent":0,"menu_order":0,"comment_status":"closed","ping_status":"closed","template":"page-templates\/full-width.php","meta":{"_exactmetrics_skip_tracking":false,"_exactmetrics_sitenote_active":false,"_exactmetrics_sitenote_note":"","_exactmetrics_sitenote_category":0,"footnotes":""},"aioseo_notices":[],"_links":{"self":[{"href":"https:\/\/www.dessign.fr\/kovalseb\/wp-json\/wp\/v2\/pages\/30"}],"collection":[{"href":"https:\/\/www.dessign.fr\/kovalseb\/wp-json\/wp\/v2\/pages"}],"about":[{"href":"https:\/\/www.dessign.fr\/kovalseb\/wp-json\/wp\/v2\/types\/page"}],"author":[{"embeddable":true,"href":"https:\/\/www.dessign.fr\/kovalseb\/wp-json\/wp\/v2\/users\/2"}],"replies":[{"embeddable":true,"href":"https:\/\/www.dessign.fr\/kovalseb\/wp-json\/wp\/v2\/comments?post=30"}],"version-history":[{"count":49,"href":"https:\/\/www.dessign.fr\/kovalseb\/wp-json\/wp\/v2\/pages\/30\/revisions"}],"predecessor-version":[{"id":1675,"href":"https:\/\/www.dessign.fr\/kovalseb\/wp-json\/wp\/v2\/pages\/30\/revisions\/1675"}],"wp:attachment":[{"href":"https:\/\/www.dessign.fr\/kovalseb\/wp-json\/wp\/v2\/media?parent=30"}],"curies":[{"name":"wp","href":"https:\/\/api.w.org\/{rel}","templated":true}]}}