{"id":347,"date":"2020-06-02T17:10:44","date_gmt":"2020-06-02T15:10:44","guid":{"rendered":"http:\/\/dessign.fr\/kovalseb\/?page_id=347"},"modified":"2023-02-07T14:46:01","modified_gmt":"2023-02-07T13:46:01","slug":"fresque-murale","status":"publish","type":"page","link":"https:\/\/www.dessign.fr\/kovalseb\/fresque-murale\/","title":{"rendered":"Fresque murale &#8211; d\u00e9coration de chambre"},"content":{"rendered":"<p><\/p>\n\n\n<blockquote class=\"wp-block-quote is-layout-flow wp-block-quote-is-layout-flow\">\n<p>Parce que son cocon c&rsquo;est son espace d&rsquo;\u00e9vasion<\/p>\n<\/blockquote>\n\n\n\n<figure class=\"wp-block-gallery has-nested-images columns-default is-cropped wp-block-gallery-1 is-layout-flex wp-block-gallery-is-layout-flex\">\n<figure class=\"wp-block-image size-large\"><a href=\"https:\/\/www.dessign.fr\/kovalseb\/wp-content\/uploads\/2022\/03\/fresque-chambre-enfant-dessign-ARTBOOK-KOVAL-S\u00e9bastien.jpg\"><img loading=\"lazy\" decoding=\"async\" width=\"960\" height=\"541\" data-id=\"1150\" src=\"https:\/\/www.dessign.fr\/kovalseb\/wp-content\/uploads\/2022\/03\/fresque-chambre-enfant-dessign-ARTBOOK-KOVAL-S\u00e9bastien.jpg\" alt=\"fresque chambre enfant dessign.fr dessin ARTBOOK KOVAL S\u00e9bastien\" class=\"wp-image-1150\" srcset=\"https:\/\/www.dessign.fr\/kovalseb\/wp-content\/uploads\/2022\/03\/fresque-chambre-enfant-dessign-ARTBOOK-KOVAL-S\u00e9bastien.jpg 960w, https:\/\/www.dessign.fr\/kovalseb\/wp-content\/uploads\/2022\/03\/fresque-chambre-enfant-dessign-ARTBOOK-KOVAL-S\u00e9bastien-300x169.jpg 300w, https:\/\/www.dessign.fr\/kovalseb\/wp-content\/uploads\/2022\/03\/fresque-chambre-enfant-dessign-ARTBOOK-KOVAL-S\u00e9bastien-768x433.jpg 768w\" sizes=\"(max-width: 960px) 100vw, 960px\" \/><\/a><figcaption class=\"wp-element-caption\">pr\u00e9nom sur mur de chambre<\/figcaption><\/figure>\n\n\n\n<figure class=\"wp-block-image size-large\"><a href=\"https:\/\/www.dessign.fr\/kovalseb\/wp-content\/uploads\/2020\/07\/20200711_114157.jpg\"><img loading=\"lazy\" decoding=\"async\" width=\"1024\" height=\"768\" data-id=\"772\" src=\"https:\/\/www.dessign.fr\/kovalseb\/wp-content\/uploads\/2020\/07\/20200711_114157-1024x768.jpg\" alt=\"dessign.fr dessin ARTBOOK KOVAL S\u00e9bastien\" class=\"wp-image-772\" srcset=\"https:\/\/www.dessign.fr\/kovalseb\/wp-content\/uploads\/2020\/07\/20200711_114157-1024x768.jpg 1024w, https:\/\/www.dessign.fr\/kovalseb\/wp-content\/uploads\/2020\/07\/20200711_114157-300x225.jpg 300w, https:\/\/www.dessign.fr\/kovalseb\/wp-content\/uploads\/2020\/07\/20200711_114157-768x576.jpg 768w, https:\/\/www.dessign.fr\/kovalseb\/wp-content\/uploads\/2020\/07\/20200711_114157.jpg 1500w\" sizes=\"(max-width: 1024px) 100vw, 1024px\" \/><\/a><figcaption class=\"wp-element-caption\">tournesol sur porte <\/figcaption><\/figure>\n\n\n\n<figure class=\"wp-block-image size-large\"><a href=\"https:\/\/www.dessign.fr\/kovalseb\/wp-content\/uploads\/2020\/06\/Tete-de-lit.jpg\"><img loading=\"lazy\" decoding=\"async\" width=\"1024\" height=\"744\" data-id=\"705\" src=\"https:\/\/www.dessign.fr\/kovalseb\/wp-content\/uploads\/2020\/06\/Tete-de-lit-1024x744.jpg\" alt=\"fresque murale chambre enfant dessign.fr dessin ARTBOOK KOVAL S\u00e9bastien\" class=\"wp-image-705\" srcset=\"https:\/\/www.dessign.fr\/kovalseb\/wp-content\/uploads\/2020\/06\/Tete-de-lit-1024x744.jpg 1024w, https:\/\/www.dessign.fr\/kovalseb\/wp-content\/uploads\/2020\/06\/Tete-de-lit-300x218.jpg 300w, https:\/\/www.dessign.fr\/kovalseb\/wp-content\/uploads\/2020\/06\/Tete-de-lit-768x558.jpg 768w, https:\/\/www.dessign.fr\/kovalseb\/wp-content\/uploads\/2020\/06\/Tete-de-lit.jpg 1370w\" sizes=\"(max-width: 1024px) 100vw, 1024px\" \/><\/a><figcaption class=\"wp-element-caption\">pr\u00e9nom sur mur de chambre<\/figcaption><\/figure>\n\n\n\n<figure class=\"wp-block-image size-large\"><a href=\"https:\/\/www.dessign.fr\/kovalseb\/wp-content\/uploads\/2020\/06\/Decoration-chambre-fresque-murale-toits-de-Paris-scaled.jpg\"><img loading=\"lazy\" decoding=\"async\" width=\"1024\" height=\"650\" data-id=\"701\" src=\"https:\/\/www.dessign.fr\/kovalseb\/wp-content\/uploads\/2020\/06\/Decoration-chambre-fresque-murale-toits-de-Paris-1024x650.jpg\" alt=\"fresque murale chambre enfant Paris toit Tour Eiffel dessign.fr dessin ARTBOOK KOVAL S\u00e9bastien\" class=\"wp-image-701\" srcset=\"https:\/\/www.dessign.fr\/kovalseb\/wp-content\/uploads\/2020\/06\/Decoration-chambre-fresque-murale-toits-de-Paris-1024x650.jpg 1024w, https:\/\/www.dessign.fr\/kovalseb\/wp-content\/uploads\/2020\/06\/Decoration-chambre-fresque-murale-toits-de-Paris-300x190.jpg 300w, https:\/\/www.dessign.fr\/kovalseb\/wp-content\/uploads\/2020\/06\/Decoration-chambre-fresque-murale-toits-de-Paris-768x487.jpg 768w, https:\/\/www.dessign.fr\/kovalseb\/wp-content\/uploads\/2020\/06\/Decoration-chambre-fresque-murale-toits-de-Paris-1536x975.jpg 1536w, https:\/\/www.dessign.fr\/kovalseb\/wp-content\/uploads\/2020\/06\/Decoration-chambre-fresque-murale-toits-de-Paris-2048x1299.jpg 2048w\" sizes=\"(max-width: 1024px) 100vw, 1024px\" \/><\/a><figcaption class=\"wp-element-caption\">Toit de Paris Tour Eiffel<\/figcaption><\/figure>\n\n\n\n<figure class=\"wp-block-image size-large\"><a href=\"https:\/\/www.dessign.fr\/kovalseb\/wp-content\/uploads\/2020\/06\/toit-de-Paris-tour-eiffel-peinture-murale-scaled.jpeg\"><img loading=\"lazy\" decoding=\"async\" width=\"1024\" height=\"676\" data-id=\"691\" src=\"https:\/\/www.dessign.fr\/kovalseb\/wp-content\/uploads\/2020\/06\/toit-de-Paris-tour-eiffel-peinture-murale-1024x676.jpeg\" alt=\"Paris tour eiffel peinture murale dessign.fr dessin ARTBOOK KOVAL S\u00e9bastien\" class=\"wp-image-691\" srcset=\"https:\/\/www.dessign.fr\/kovalseb\/wp-content\/uploads\/2020\/06\/toit-de-Paris-tour-eiffel-peinture-murale-1024x676.jpeg 1024w, https:\/\/www.dessign.fr\/kovalseb\/wp-content\/uploads\/2020\/06\/toit-de-Paris-tour-eiffel-peinture-murale-300x198.jpeg 300w, https:\/\/www.dessign.fr\/kovalseb\/wp-content\/uploads\/2020\/06\/toit-de-Paris-tour-eiffel-peinture-murale-768x507.jpeg 768w, https:\/\/www.dessign.fr\/kovalseb\/wp-content\/uploads\/2020\/06\/toit-de-Paris-tour-eiffel-peinture-murale-1536x1014.jpeg 1536w, https:\/\/www.dessign.fr\/kovalseb\/wp-content\/uploads\/2020\/06\/toit-de-Paris-tour-eiffel-peinture-murale-2048x1351.jpeg 2048w\" sizes=\"(max-width: 1024px) 100vw, 1024px\" \/><\/a><figcaption class=\"wp-element-caption\">d\u00e9coration chambre d&rsquo;enfant<\/figcaption><\/figure>\n\n\n\n<figure class=\"wp-block-image size-large\"><a href=\"https:\/\/www.dessign.fr\/kovalseb\/wp-content\/uploads\/2020\/05\/jardin.jpg\"><img loading=\"lazy\" decoding=\"async\" width=\"960\" height=\"720\" data-id=\"223\" src=\"https:\/\/www.dessign.fr\/kovalseb\/wp-content\/uploads\/2020\/05\/jardin.jpg\" alt=\"fresque murale jardin dessign dessin ARTBOOK KOVAL S\u00e9bastien artiste\" class=\"wp-image-223\" srcset=\"https:\/\/www.dessign.fr\/kovalseb\/wp-content\/uploads\/2020\/05\/jardin.jpg 960w, https:\/\/www.dessign.fr\/kovalseb\/wp-content\/uploads\/2020\/05\/jardin-300x225.jpg 300w, https:\/\/www.dessign.fr\/kovalseb\/wp-content\/uploads\/2020\/05\/jardin-768x576.jpg 768w\" sizes=\"(max-width: 960px) 100vw, 960px\" \/><\/a><figcaption class=\"wp-element-caption\">peinture mur ext\u00e9rieur<\/figcaption><\/figure>\n\n\n\n<figure class=\"wp-block-image size-large\"><a href=\"https:\/\/www.dessign.fr\/kovalseb\/wp-content\/uploads\/2020\/05\/MIaetMoi.jpg\"><img loading=\"lazy\" decoding=\"async\" width=\"960\" height=\"720\" data-id=\"222\" src=\"https:\/\/www.dessign.fr\/kovalseb\/wp-content\/uploads\/2020\/05\/MIaetMoi.jpg\" alt=\"chambre enfant dessign dessin ARTBOOK KOVAL S\u00e9bastien artiste\" class=\"wp-image-222\" srcset=\"https:\/\/www.dessign.fr\/kovalseb\/wp-content\/uploads\/2020\/05\/MIaetMoi.jpg 960w, https:\/\/www.dessign.fr\/kovalseb\/wp-content\/uploads\/2020\/05\/MIaetMoi-300x225.jpg 300w, https:\/\/www.dessign.fr\/kovalseb\/wp-content\/uploads\/2020\/05\/MIaetMoi-768x576.jpg 768w\" sizes=\"(max-width: 960px) 100vw, 960px\" \/><\/a><figcaption class=\"wp-element-caption\">peinture chambre d&rsquo;enfant<\/figcaption><\/figure>\n\n\n\n<figure class=\"wp-block-image size-large\"><img loading=\"lazy\" decoding=\"async\" width=\"960\" height=\"720\" data-id=\"221\" src=\"https:\/\/www.dessign.fr\/kovalseb\/wp-content\/uploads\/2020\/05\/chambre.jpg\" alt=\"chambre ennfant dessign dessin ARTBOOK KOVAL S\u00e9bastien artiste\" class=\"wp-image-221\" srcset=\"https:\/\/www.dessign.fr\/kovalseb\/wp-content\/uploads\/2020\/05\/chambre.jpg 960w, https:\/\/www.dessign.fr\/kovalseb\/wp-content\/uploads\/2020\/05\/chambre-300x225.jpg 300w, https:\/\/www.dessign.fr\/kovalseb\/wp-content\/uploads\/2020\/05\/chambre-768x576.jpg 768w\" sizes=\"(max-width: 960px) 100vw, 960px\" \/><figcaption class=\"wp-element-caption\">peinture chambre d&rsquo;enfant<\/figcaption><\/figure>\n<\/figure>\n\n\n\n<p class=\"has-text-align-center\">Vous souhaitez une d\u00e9coration unique sur un mur pour vous ou vos enfants, en int\u00e9rieur ou ext\u00e9rieur, en trompe l&rsquo;\u0153il, demandez un devis sans h\u00e9siter <\/p>\n\n\n\n<h2 class=\"wp-block-heading\">Autres supports<\/h2>\n\n\n\n<figure class=\"wp-block-video\"><video autoplay controls loop src=\"https:\/\/www.dessign.fr\/kovalseb\/wp-content\/uploads\/2020\/05\/CAT360seb.mp4\"><\/video><figcaption class=\"wp-element-caption\">customisation chaussures<\/figcaption><\/figure>\n\n\n\n<figure class=\"wp-block-gallery has-nested-images columns-default is-cropped wp-block-gallery-2 is-layout-flex wp-block-gallery-is-layout-flex\">\n<figure class=\"wp-block-image size-large\"><a href=\"https:\/\/www.dessign.fr\/kovalseb\/wp-content\/uploads\/2022\/01\/basket-custom-ARTBOOK-KOVAL-Sebastien.jpg\"><img loading=\"lazy\" decoding=\"async\" width=\"1024\" height=\"873\" data-id=\"1127\" src=\"https:\/\/www.dessign.fr\/kovalseb\/wp-content\/uploads\/2022\/01\/basket-custom-ARTBOOK-KOVAL-Sebastien-1024x873.jpg\" alt=\"basket customisation dessign.fr dessin ARTBOOK KOVAL S\u00e9bastien\" class=\"wp-image-1127\" srcset=\"https:\/\/www.dessign.fr\/kovalseb\/wp-content\/uploads\/2022\/01\/basket-custom-ARTBOOK-KOVAL-Sebastien-1024x873.jpg 1024w, https:\/\/www.dessign.fr\/kovalseb\/wp-content\/uploads\/2022\/01\/basket-custom-ARTBOOK-KOVAL-Sebastien-300x256.jpg 300w, https:\/\/www.dessign.fr\/kovalseb\/wp-content\/uploads\/2022\/01\/basket-custom-ARTBOOK-KOVAL-Sebastien-768x655.jpg 768w, https:\/\/www.dessign.fr\/kovalseb\/wp-content\/uploads\/2022\/01\/basket-custom-ARTBOOK-KOVAL-Sebastien.jpg 1136w\" sizes=\"(max-width: 1024px) 100vw, 1024px\" \/><\/a><figcaption class=\"wp-element-caption\">customisation chaussures<\/figcaption><\/figure>\n\n\n\n<figure class=\"wp-block-image size-large\"><a href=\"https:\/\/www.dessign.fr\/kovalseb\/wp-content\/uploads\/2021\/04\/alice-aux-pays-des-merveilles-livres-ARTBOOK-KOVAL-S\u00e9bastien.jpg\"><img loading=\"lazy\" decoding=\"async\" width=\"1024\" height=\"890\" data-id=\"937\" src=\"https:\/\/www.dessign.fr\/kovalseb\/wp-content\/uploads\/2021\/04\/alice-aux-pays-des-merveilles-livres-ARTBOOK-KOVAL-S\u00e9bastien-1024x890.jpg\" alt=\"alice aux pays des merveilles livres dessign.fr dessin ARTBOOK KOVAL S\u00e9bastien\" class=\"wp-image-937\" srcset=\"https:\/\/www.dessign.fr\/kovalseb\/wp-content\/uploads\/2021\/04\/alice-aux-pays-des-merveilles-livres-ARTBOOK-KOVAL-S\u00e9bastien-1024x890.jpg 1024w, https:\/\/www.dessign.fr\/kovalseb\/wp-content\/uploads\/2021\/04\/alice-aux-pays-des-merveilles-livres-ARTBOOK-KOVAL-S\u00e9bastien-300x261.jpg 300w, https:\/\/www.dessign.fr\/kovalseb\/wp-content\/uploads\/2021\/04\/alice-aux-pays-des-merveilles-livres-ARTBOOK-KOVAL-S\u00e9bastien-768x667.jpg 768w, https:\/\/www.dessign.fr\/kovalseb\/wp-content\/uploads\/2021\/04\/alice-aux-pays-des-merveilles-livres-ARTBOOK-KOVAL-S\u00e9bastien.jpg 1098w\" sizes=\"(max-width: 1024px) 100vw, 1024px\" \/><\/a><figcaption class=\"wp-element-caption\">peinture sur bois<\/figcaption><\/figure>\n\n\n\n<figure class=\"wp-block-image size-large\"><a href=\"https:\/\/www.dessign.fr\/kovalseb\/wp-content\/uploads\/2021\/04\/nains-calendrier-exterieur.jpg\"><img loading=\"lazy\" decoding=\"async\" width=\"960\" height=\"723\" data-id=\"936\" src=\"https:\/\/www.dessign.fr\/kovalseb\/wp-content\/uploads\/2021\/04\/nains-calendrier-exterieur.jpg\" alt=\"panneau illustration dessign.fr dessin ARTBOOK KOVAL S\u00e9bastien\" class=\"wp-image-936\" srcset=\"https:\/\/www.dessign.fr\/kovalseb\/wp-content\/uploads\/2021\/04\/nains-calendrier-exterieur.jpg 960w, https:\/\/www.dessign.fr\/kovalseb\/wp-content\/uploads\/2021\/04\/nains-calendrier-exterieur-300x226.jpg 300w, https:\/\/www.dessign.fr\/kovalseb\/wp-content\/uploads\/2021\/04\/nains-calendrier-exterieur-768x578.jpg 768w\" sizes=\"(max-width: 960px) 100vw, 960px\" \/><\/a><figcaption class=\"wp-element-caption\">peinture sur panneau<\/figcaption><\/figure>\n\n\n\n<figure class=\"wp-block-image size-large\"><a href=\"https:\/\/www.dessign.fr\/kovalseb\/wp-content\/uploads\/2020\/05\/chaussuresDO.jpg\"><img loading=\"lazy\" decoding=\"async\" width=\"960\" height=\"720\" data-id=\"226\" src=\"https:\/\/www.dessign.fr\/kovalseb\/wp-content\/uploads\/2020\/05\/chaussuresDO.jpg\" alt=\"customisation chaussures dessign dessin ARTBOOK KOVAL S\u00e9bastien artiste\" class=\"wp-image-226\" srcset=\"https:\/\/www.dessign.fr\/kovalseb\/wp-content\/uploads\/2020\/05\/chaussuresDO.jpg 960w, https:\/\/www.dessign.fr\/kovalseb\/wp-content\/uploads\/2020\/05\/chaussuresDO-300x225.jpg 300w, https:\/\/www.dessign.fr\/kovalseb\/wp-content\/uploads\/2020\/05\/chaussuresDO-768x576.jpg 768w\" sizes=\"(max-width: 960px) 100vw, 960px\" \/><\/a><figcaption class=\"wp-element-caption\">customisation chaussures<\/figcaption><\/figure>\n\n\n\n<figure class=\"wp-block-image size-large\"><a href=\"https:\/\/www.dessign.fr\/kovalseb\/wp-content\/uploads\/2020\/05\/skateMasque.jpg\"><img loading=\"lazy\" decoding=\"async\" width=\"871\" height=\"520\" data-id=\"225\" src=\"https:\/\/www.dessign.fr\/kovalseb\/wp-content\/uploads\/2020\/05\/skateMasque.jpg\" alt=\"skate Masque transformation dessign dessin ARTBOOK KOVAL S\u00e9bastien artiste\" class=\"wp-image-225\" srcset=\"https:\/\/www.dessign.fr\/kovalseb\/wp-content\/uploads\/2020\/05\/skateMasque.jpg 871w, https:\/\/www.dessign.fr\/kovalseb\/wp-content\/uploads\/2020\/05\/skateMasque-300x179.jpg 300w, https:\/\/www.dessign.fr\/kovalseb\/wp-content\/uploads\/2020\/05\/skateMasque-768x459.jpg 768w\" sizes=\"(max-width: 871px) 100vw, 871px\" \/><\/a><figcaption class=\"wp-element-caption\">peinture sur skate<\/figcaption><\/figure>\n\n\n\n<figure class=\"wp-block-image size-large\"><a href=\"https:\/\/www.dessign.fr\/kovalseb\/wp-content\/uploads\/2020\/05\/skatecrew.jpg\"><img loading=\"lazy\" decoding=\"async\" width=\"873\" height=\"960\" data-id=\"224\" src=\"https:\/\/www.dessign.fr\/kovalseb\/wp-content\/uploads\/2020\/05\/skatecrew.jpg\" alt=\"skateboards peintures dessign dessin ARTBOOK KOVAL S\u00e9bastien artiste\" class=\"wp-image-224\" srcset=\"https:\/\/www.dessign.fr\/kovalseb\/wp-content\/uploads\/2020\/05\/skatecrew.jpg 873w, https:\/\/www.dessign.fr\/kovalseb\/wp-content\/uploads\/2020\/05\/skatecrew-273x300.jpg 273w, https:\/\/www.dessign.fr\/kovalseb\/wp-content\/uploads\/2020\/05\/skatecrew-768x845.jpg 768w\" sizes=\"(max-width: 873px) 100vw, 873px\" \/><\/a><figcaption class=\"wp-element-caption\">peinture sur skate<\/figcaption><\/figure>\n<\/figure>\n\n\n\n<p>Toute sorte de customisations sont possible, sur tous les supports<\/p>\n\n\n\n<figure class=\"wp-block-video\"><video autoplay controls loop src=\"https:\/\/www.dessign.fr\/kovalseb\/wp-content\/uploads\/2020\/05\/PAGE-FB_video2.mp4\"><\/video><\/figure>\n","protected":false},"excerpt":{"rendered":"<p>Parce que son cocon c&rsquo;est son espace d&rsquo;\u00e9vasion Vous souhaitez une d\u00e9coration unique sur un mur pour vous ou vos enfants, en int\u00e9rieur ou ext\u00e9rieur, en trompe l&rsquo;\u0153il, demandez un devis sans h\u00e9siter Autres supports Toute sorte de customisations sont possible, sur tous les supports<\/p>\n","protected":false},"author":2,"featured_media":0,"parent":0,"menu_order":0,"comment_status":"closed","ping_status":"closed","template":"","meta":{"_exactmetrics_skip_tracking":false,"_exactmetrics_sitenote_active":false,"_exactmetrics_sitenote_note":"","_exactmetrics_sitenote_category":0,"footnotes":""},"aioseo_notices":[],"_links":{"self":[{"href":"https:\/\/www.dessign.fr\/kovalseb\/wp-json\/wp\/v2\/pages\/347"}],"collection":[{"href":"https:\/\/www.dessign.fr\/kovalseb\/wp-json\/wp\/v2\/pages"}],"about":[{"href":"https:\/\/www.dessign.fr\/kovalseb\/wp-json\/wp\/v2\/types\/page"}],"author":[{"embeddable":true,"href":"https:\/\/www.dessign.fr\/kovalseb\/wp-json\/wp\/v2\/users\/2"}],"replies":[{"embeddable":true,"href":"https:\/\/www.dessign.fr\/kovalseb\/wp-json\/wp\/v2\/comments?post=347"}],"version-history":[{"count":23,"href":"https:\/\/www.dessign.fr\/kovalseb\/wp-json\/wp\/v2\/pages\/347\/revisions"}],"predecessor-version":[{"id":2107,"href":"https:\/\/www.dessign.fr\/kovalseb\/wp-json\/wp\/v2\/pages\/347\/revisions\/2107"}],"wp:attachment":[{"href":"https:\/\/www.dessign.fr\/kovalseb\/wp-json\/wp\/v2\/media?parent=347"}],"curies":[{"name":"wp","href":"https:\/\/api.w.org\/{rel}","templated":true}]}}